{"id":2,"date":"2021-10-04T09:46:20","date_gmt":"2021-10-04T06:46:20","guid":{"rendered":"https:\/\/www.dadvertising.fi\/vesifi_uusidemo\/vesikirje\/?page_id=2"},"modified":"2024-01-15T10:37:52","modified_gmt":"2024-01-15T08:37:52","slug":"vesikirje","status":"publish","type":"page","link":"https:\/\/www.vesi.fi\/vesistokunnostus-uutiskirje\/","title":{"rendered":"Vesist\u00f6kunnostusverkoston uutiskirje"},"content":{"rendered":"<h1>Vesist\u00f6kunnostus\u00adverkoston uutiskirje<\/h1>\n<blockquote><p>Muutaman kerran vuodessa julkaistavassa uutiskirjeess\u00e4 kerrotaan ajankohtaisista vesist\u00f6kunnostusasioista, ja se on tarkoitettu vesialan asiantuntijoille ja kaikille vesist\u00f6kunnostuksesta kiinnostuneille. Suomeksi ilmestyv\u00e4\u00e4 uutiskirjett\u00e4 julkaisee Suomen ymp\u00e4rist\u00f6keskus SYKE<\/p><\/blockquote>\n<p>Uutiskirjeen jutut k\u00e4sittelev\u00e4t sis\u00e4vesiin sek\u00e4 It\u00e4mereen liittyvi\u00e4 vesist\u00f6asioita \u2013 paikallisista globaaleihin kysymyksiin, k\u00e4yt\u00e4nn\u00f6n asioista uusimpiin tutkimustuloksiin. Keskeisi\u00e4 aiheita ovat vesist\u00f6kunnostushankkeet ja niihin saatavilla oleva rahoitus, tutkimus, tapahtumat ja julkaisut.<br \/>\nToimitus vastaanottaa mielell\u00e4\u00e4n juttuehdotuksia s\u00e4hk\u00f6postitse osoitteeseen<br \/>\n<a href=\"mailto:vesistokunnostusverkosto@syke.fi\">vesistokunnostusverkosto@syke.fi<\/a><\/p>\n<p><a href=\"https:\/\/www.vesi.fi\/teemasivu\/vesistokunnostusverkoston-toimijat\/\" target=\"_blank\" rel=\"noopener\">Vesist\u00f6kunnostusverkoston sivulle p\u00e4\u00e4set t\u00e4st\u00e4 linkist\u00e4<\/a>.<\/p>\n<h3>Lue uusin numero:<br \/>\n<a href=\"https:\/\/www.vesi.fi\/vesistokunnostus-uutiskirje\/arkisto\/vesistokunnostusverkoston-uutiskirje-huhtikuu-2026\/\">Vesist\u00f6kunnostusverkoston uutiskirje huhtikuu 2026<\/a><\/h3>\n","protected":false},"excerpt":{"rendered":"<p>Vesist\u00f6kunnostus\u00adverkoston uutiskirje Muutaman kerran vuodessa julkaistavassa uutiskirjeess\u00e4 kerrotaan ajankohtaisista vesist\u00f6kunnostusasioista, ja se on tarkoitettu vesialan asiantuntijoille ja kaikille vesist\u00f6kunnostuksesta kiinnostuneille. Suomeksi ilmestyv\u00e4\u00e4 uutiskirjett\u00e4 julkaisee Suomen ymp\u00e4rist\u00f6keskus SYKE Uutiskirjeen jutut k\u00e4sittelev\u00e4t sis\u00e4vesiin sek\u00e4 It\u00e4mereen liittyvi\u00e4 vesist\u00f6asioita \u2013 paikallisista globaaleihin kysymyksiin, k\u00e4yt\u00e4nn\u00f6n asioista uusimpiin tutkimustuloksiin. Keskeisi\u00e4 aiheita ovat vesist\u00f6kunnostushankkeet ja niihin saatavilla oleva rahoitus, tutkimus, tapahtumat ja [&hellip;]<\/p>\n","protected":false},"author":1,"featured_media":225,"parent":0,"menu_order":1,"comment_status":"closed","ping_status":"open","template":"etusivu.php","meta":{"_acf_changed":false,"footnotes":""},"class_list":["post-2","page","type-page","status-publish","has-post-thumbnail","hentry"],"acf":[],"_links":{"self":[{"href":"https:\/\/www.vesi.fi\/vesistokunnostus-uutiskirje\/wp-json\/wp\/v2\/pages\/2","targetHints":{"allow":["GET"]}}],"collection":[{"href":"https:\/\/www.vesi.fi\/vesistokunnostus-uutiskirje\/wp-json\/wp\/v2\/pages"}],"about":[{"href":"https:\/\/www.vesi.fi\/vesistokunnostus-uutiskirje\/wp-json\/wp\/v2\/types\/page"}],"author":[{"embeddable":true,"href":"https:\/\/www.vesi.fi\/vesistokunnostus-uutiskirje\/wp-json\/wp\/v2\/users\/1"}],"replies":[{"embeddable":true,"href":"https:\/\/www.vesi.fi\/vesistokunnostus-uutiskirje\/wp-json\/wp\/v2\/comments?post=2"}],"version-history":[{"count":18,"href":"https:\/\/www.vesi.fi\/vesistokunnostus-uutiskirje\/wp-json\/wp\/v2\/pages\/2\/revisions"}],"predecessor-version":[{"id":1035,"href":"https:\/\/www.vesi.fi\/vesistokunnostus-uutiskirje\/wp-json\/wp\/v2\/pages\/2\/revisions\/1035"}],"wp:featuredmedia":[{"embeddable":true,"href":"https:\/\/www.vesi.fi\/vesistokunnostus-uutiskirje\/wp-json\/wp\/v2\/media\/225"}],"wp:attachment":[{"href":"https:\/\/www.vesi.fi\/vesistokunnostus-uutiskirje\/wp-json\/wp\/v2\/media?parent=2"}],"curies":[{"name":"wp","href":"https:\/\/api.w.org\/{rel}","templated":true}]}}