{"id":5995,"date":"2020-06-30T14:40:27","date_gmt":"2020-06-30T11:40:27","guid":{"rendered":"https:\/\/www.dadvertising.fi\/vesifi_uusidemo\/?page_id=5995"},"modified":"2025-10-23T15:41:54","modified_gmt":"2025-10-23T12:41:54","slug":"for-medierna","status":"publish","type":"page","link":"https:\/\/www.vesi.fi\/sv\/for-medierna\/","title":{"rendered":"F\u00f6r medierna"},"content":{"rendered":"<h2>Information om vatten<\/h2>\n<div class=\"row\">\n<div class=\"col-12\">\n<p>Webbplatsen vatten.fi, som samordnas av Finlands milj\u00f6central, erbjuder medborgare, experter och medier aktuell information och verktyg om vatten samt relaterade fenomen, nyheter och akt\u00f6rer.<\/p>\n<h3>Kommunikation och medietj\u00e4nster<\/h3>\n<p>Telefon: 0295 251 072<br \/>\nE-post: media@syke.fi<\/p>\n<\/div>\n<\/div>\n<div class=\"row\">\n<div class=\"col-md-6 pb-2\">\n<h3>Aktuell information om milj\u00f6n<\/h3>\n<ul>\n<li><a href=\"https:\/\/www.vesi.fi\/sv\/artikkelit\/\" target=\"_blank\" rel=\"noopener\">Nyheter<\/a><\/li>\n<li><a href=\"https:\/\/twitter.com\/pinnanalta\" target=\"_blank\" rel=\"noopener noreferrer\">Twitter: @pinnanalta<\/a><\/li>\n<li><a href=\"https:\/\/twitter.com\/sykeinfo\" target=\"_blank\" rel=\"noopener noreferrer\">Twitter: @Sykeinfo<\/a><\/li>\n<li><a href=\"https:\/\/www.facebook.com\/syke.fi\" target=\"_blank\" rel=\"noopener noreferrer\">Facebook<\/a><\/li>\n<li><a href=\"https:\/\/www.syke.fi\/sv-FI\/Aktuellt\/Nyhetsbrev\" target=\"_blank\" rel=\"noopener\">Nyhetsbrev<\/a><\/li>\n<li><a href=\"https:\/\/www.vesi.fi\/sv\/category\/blogi\/\" target=\"_blank\" rel=\"noopener\">Bloggar<\/a><\/li>\n<\/ul>\n<\/div>\n<div class=\"col-md-6 pb-2\">\n<h3>V\u00e5ra webbtj\u00e4nster<\/h3>\n<ul>\n<li><a href=\"https:\/\/itameri.fi\/fi-FI\" target=\"_blank\" rel=\"noopener\">Ostersjon.fi<\/a><\/li>\n<li><a href=\"https:\/\/www.ymparisto.fi\/sv-FI\" target=\"_blank\" rel=\"noopener\">Miljo.fi<\/a><\/li>\n<\/ul>\n<\/div>\n<\/div>\n<p><!-- Suomenkieliset logot --><\/p>\n<div class=\"row\">\n<div class=\"col-12\">\n<hr \/>\n<\/div>\n<\/div>\n<div class=\"row pt-2 pb-2\">\n<div class=\"col-12\">\n<h3>Logor, p\u00e5 finska (vesi.fi)<\/h3>\n<h4><strong>Vesi.fi logo (utan f\u00f6retagsm\u00e4rke)<\/strong><\/h4>\n<\/div>\n<div class=\"col-12 col-md-4 pb-2\">\n<p><img decoding=\"async\" class=\"img-fluid media-logo img-responsive img-fluid\" src=\"https:\/\/vesi.fi\/medialle-tiedostot\/images\/VESI_fi_logo_BW_585px.png\" alt=\"vesi.fi logo musta ei liikemerkki\u00e4\" \/><\/p>\n<p><a href=\"https:\/\/vesi.fi\/medialle-tiedostot\/VESI_fi_logo_BW.zip\">Ladda ner svartvit logo<\/a><\/p>\n<\/div>\n<div class=\"col-12 col-md-4 pb-2\">\n<p><img decoding=\"async\" class=\"img-fluid media-logo bg-blue img-responsive img-fluid\" src=\"https:\/\/vesi.fi\/medialle-tiedostot\/images\/VESI_fi_logo_NEGA_585px.png\" alt=\"vesi.fi logo valkoinen ns. negatiivi ei liikemerkki\u00e4\" \/><\/p>\n<p><a href=\"https:\/\/vesi.fi\/medialle-tiedostot\/VESI_fi_logo_NEGA.zip\">Ladda ner negativ (vit) logo<\/a><\/p>\n<\/div>\n<div class=\"col-12 col-md-4 pb-2\">\n<p><img decoding=\"async\" class=\"img-fluid media-logo img-responsive img-fluid\" src=\"https:\/\/vesi.fi\/medialle-tiedostot\/images\/VESI_fi_logo_RGB_585px.png\" alt=\"vesi.fi logo v\u00e4rillinen ei liikemerkki\u00e4\" \/><\/p>\n<p><a href=\"https:\/\/vesi.fi\/medialle-tiedostot\/VESI_fi_logo.zip\">Ladda ner logo i f\u00e4rg<\/a><\/p>\n<\/div>\n<\/div>\n<div class=\"row pt-2 pb-2\">\n<div class=\"col-12\">\n<h4><strong>Vesi.fi logo (med f\u00f6retagsm\u00e4rke)<\/strong><\/h4>\n<\/div>\n<div class=\"col-12 col-md-4 pb-2\">\n<p><img decoding=\"async\" class=\"img-fluid media-logo img-responsive img-fluid\" src=\"https:\/\/vesi.fi\/medialle-tiedostot\/images\/VESI_fi_logo_ja_merkki_BW_800px.png\" alt=\"vesi.fi logo mustavalkoinen liikemerkill\u00e4\" \/><a href=\"https:\/\/vesi.fi\/medialle-tiedostot\/VESI_fi_logo_ja_merkki_BW.zip\">Ladda ner svartvit logo<\/a><\/p>\n<\/div>\n<div class=\"col-12 col-md-4 pb-2\">\n<p><img decoding=\"async\" class=\"img-fluid media-logo bg-blue img-responsive img-fluid\" src=\"https:\/\/vesi.fi\/medialle-tiedostot\/images\/VESI_fi_logo_ja_merkki_NEGA_800px.png\" alt=\"vesi.fi logo valkoinen ns. negatiivi liikemerkill\u00e4\" \/><\/p>\n<p><a href=\"https:\/\/vesi.fi\/medialle-tiedostot\/VESI_fi_logo_ja_merkki_NEGA.zip\">Ladda ner negativ (vit) logo<\/a><\/p>\n<\/div>\n<div class=\"col-12 col-md-4 pb-2\">\n<p><img decoding=\"async\" class=\"img-fluid media-logo img-responsive img-fluid\" src=\"https:\/\/vesi.fi\/medialle-tiedostot\/images\/VESI_fi_logo_ja_merkki_RGB_800px.png\" alt=\"vesi.fi logo v\u00e4rillinen liikemerkill\u00e4\" \/><\/p>\n<p><a href=\"https:\/\/vesi.fi\/medialle-tiedostot\/VESI_fi_logo_ja_merkki.zip\">Ladda ner logo i f\u00e4rg<\/a><\/p>\n<\/div>\n<\/div>\n<p><!-- Suomenkielisten logojen lataukset --><\/p>\n<div class=\"row pt-2 pb-2\">\n<div class=\"col-12\">\n<h4><strong>F\u00f6r elektroniskt bruk<\/strong><\/h4>\n<p>Ladda ner alla logor f\u00f6r elektroniskt bruk\u00a0<a href=\"https:\/\/vesi.fi\/medialle-tiedostot\/VESI_fi_logot_sahkoiseen_kayttoon.zip\" target=\"_blank\" rel=\"noopener\">h\u00e4r<\/a>.<\/p>\n<hr \/>\n<\/div>\n<div class=\"col-12\">\n<h4><strong>F\u00f6r tryck<\/strong><\/h4>\n<p>Ladda ner alla logor f\u00f6r tryck\u00a0<a href=\"https:\/\/vesi.fi\/medialle-tiedostot\/VESI_fi_logot_printtikayttoon.zip\" target=\"_blank\" rel=\"noopener\">h\u00e4r<\/a>.<\/p>\n<hr \/>\n<\/div>\n<\/div>\n<p><!-- Ruotsinkieliset logot alkaa --><\/p>\n<div class=\"row pt-2 pb-2\">\n<div class=\"col-12\">\n<h3>Logor, p\u00e5 svenska (vatten.fi)<\/h3>\n<h4><strong>Vatten.fi logo (utan f\u00f6retagsm\u00e4rke)<\/strong><\/h4>\n<\/div>\n<div class=\"col-12 col-md-4 pb-2\"><img decoding=\"async\" class=\"img-fluid media-logo img-responsive img-fluid\" src=\"https:\/\/vesi.fi\/medialle-tiedostot\/VATTEN_fi\/images\/VATTEN_fi_logo_BW_585px.png\" alt=\"vatten.fi logo musta ei liikemerkki\u00e4\" \/><br \/>\n<a href=\"https:\/\/vesi.fi\/medialle-tiedostot\/VATTEN_fi\/VESI_fi_logo_BW.zip\">Ladda ner svartvit logo<\/a><\/div>\n<div class=\"col-12 col-md-4 pb-2\"><img decoding=\"async\" class=\"img-fluid media-logo bg-blue img-responsive img-fluid\" src=\"https:\/\/vesi.fi\/medialle-tiedostot\/VATTEN_fi\/images\/VATTEN_fi_logo_NEGA_585px.png\" alt=\"vatten.fi logo valkoinen ns. negatiivi ei liikemerkki\u00e4\" \/><br \/>\n<a href=\"https:\/\/vesi.fi\/medialle-tiedostot\/VATTEN_fi\/VATTEN_fi\/VATTEN_fi_logo_NEGA.zip\">Ladda ner negativ (vit) logo<\/a><\/div>\n<div class=\"col-12 col-md-4 pb-2\"><img decoding=\"async\" class=\"img-fluid media-logo img-responsive img-fluid\" src=\"https:\/\/vesi.fi\/medialle-tiedostot\/VATTEN_fi\/images\/VATTEN_fi_logo_RGB_585px.png\" alt=\"vatten.fi logo v\u00e4rillinen ei liikemerkki\u00e4\" \/><br \/>\n<a href=\"https:\/\/vesi.fi\/medialle-tiedostot\/VATTEN_fi\/VATTEN_fi_logo.zip\">Ladda ner logo i f\u00e4rg<\/a><\/div>\n<\/div>\n<div class=\"row pt-2 pb-2\">\n<div class=\"col-12\">\n<h4><strong>Vatten.fi logo (med f\u00f6retagsm\u00e4rke)<\/strong><\/h4>\n<\/div>\n<div class=\"col-12 col-md-4 pb-2\">\n<p><img decoding=\"async\" class=\"img-fluid media-logo img-responsive img-fluid\" src=\"https:\/\/vesi.fi\/medialle-tiedostot\/VATTEN_fi\/images\/VATTEN_fi_logo_ja_merkki_BW_800px.png\" alt=\"vatten.fi logo mustavalkoinen liikemerkill\u00e4\" \/><a href=\"https:\/\/vesi.fi\/medialle-tiedostot\/VATTEN_fi\/VATTEN_fi_logo_ja_merkki_BW.zip\">Ladda ner svartvit logo<\/a><\/p>\n<\/div>\n<div class=\"col-12 col-md-4 pb-2\">\n<p><img decoding=\"async\" class=\"img-fluid media-logo bg-blue img-responsive img-fluid\" src=\"https:\/\/vesi.fi\/medialle-tiedostot\/VATTEN_fi\/images\/VATTEN_fi_logo_ja_merkki_NEGA_800px.png\" alt=\"vatten.fi logo valkoinen ns. negatiivi liikemerkill\u00e4\" \/><br \/>\n<a href=\"https:\/\/vesi.fi\/medialle-tiedostot\/VATTEN_fi\/VATTEN_fi_logo_ja_merkki_NEGA.zip\">Ladda ner negativ (vit) logo<\/a><\/p>\n<\/div>\n<div class=\"col-12 col-md-4 pb-2\">\n<p><img decoding=\"async\" class=\"img-fluid media-logo img-responsive img-fluid\" src=\"https:\/\/vesi.fi\/medialle-tiedostot\/VATTEN_fi\/images\/VATTEN_fi_logo_ja_merkki_RGB_800px.png\" alt=\"vatten.fi logo v\u00e4rillinen liikemerkill\u00e4\" \/><\/p>\n<p><a href=\"https:\/\/vesi.fi\/medialle-tiedostot\/VATTEN_fi\/VATTEN_fi_logo_ja_merkki\">Ladda ner logo i f\u00e4rg<\/a><\/p>\n<\/div>\n<\/div>\n<p><!-- Ruotsinkielisten logojen lataukset --><\/p>\n<div class=\"row pt-2 pb-2\">\n<div class=\"col-12\">\n<hr \/>\n<h4><strong>F\u00f6r elektroniskt bruk<\/strong><\/h4>\n<p>Ladda ner alla logor f\u00f6r elektroniskt bruk <a href=\"https:\/\/vesi.fi\/medialle-tiedostot\/VATTEN_fi\/VATTEN_fi_logot_sahkoiseen_kayttoon\" target=\"_blank\" rel=\"noopener noreferrer\">h\u00e4r<\/a>.<\/p>\n<hr \/>\n<\/div>\n<div class=\"col-12\">\n<h4><strong>F\u00f6r tryc<\/strong><\/h4>\n<p>Ladda ner alla logor f\u00f6r tryck <a href=\"https:\/\/vesi.fi\/medialle-tiedostot\/VATTEN_fi\/VATTEN_fi_logot_printtikayttoon.zip\" target=\"_blank\" rel=\"noopener noreferrer\">h\u00e4r<\/a>.<\/p>\n<\/div>\n<\/div>\n<p><!-- Videobannereiden lataukset --><\/p>\n<div class=\"row pt-2 pb-2\">\n<div class=\"col-12\">\n<h3>Reklambannervideor<\/h3>\n<p>Reklambannervideorna kan laddas ner som vertikala och horisontella versioner.<\/p>\n<\/div>\n<div class=\"col-12 col-md-4 pb-2\">\n<p><img decoding=\"async\" class=\"img-fluid img-responsive img-fluid\" src=\"https:\/\/vesi.fi\/medialle-tiedostot\/VESI_fi_mainosbannerit\/SYKE_jaatilanne.jpg\" alt=\"vesi.fi bannerimalli j\u00e4\u00e4tilanne\" \/><\/p>\n<p>Ladda ner Isl\u00e4get:<br \/>\n<a href=\"https:\/\/vesi.fi\/medialle-tiedostot\/VESI_fi_mainosbannerit\/jaatilanne_fi.zip\" target=\"_blank\" rel=\"noopener\">P\u00e5 finska<\/a> \u2022 <a href=\"https:\/\/vesi.fi\/medialle-tiedostot\/VESI_fi_mainosbannerit\/jaatilanne_sve.zip\" target=\"_blank\" rel=\"noopener\">P\u00e5 svenska<\/a><\/p>\n<\/div>\n<div class=\"col-12 col-md-4 pb-2\">\n<p><img decoding=\"async\" class=\"img-fluid img-responsive img-fluid\" src=\"https:\/\/vesi.fi\/medialle-tiedostot\/VESI_fi_mainosbannerit\/SYKE_lumitilanne.jpg\" alt=\"vesi.fi bannerimalli lumitilanne\" \/><\/p>\n<p>Ladda ner Sn\u00f6l\u00e4get:<br \/>\n<a href=\"https:\/\/vesi.fi\/medialle-tiedostot\/VESI_fi_mainosbannerit\/lumitilanne_fi.zip\" target=\"_blank\" rel=\"noopener\">P\u00e5 finska<\/a> \u2022 <a href=\"https:\/\/vesi.fi\/medialle-tiedostot\/VESI_fi_mainosbannerit\/lumitilanne_sve.zip\" target=\"_blank\" rel=\"noopener\">P\u00e5 svenska<\/a><\/p>\n<\/div>\n<div class=\"col-12 col-md-4 pb-2\">\n<p><img decoding=\"async\" class=\"img-fluid img-responsive img-fluid\" src=\"https:\/\/vesi.fi\/medialle-tiedostot\/VESI_fi_mainosbannerit\/SYKE_tulvatilanne.jpg\" alt=\"vesi.fi bannerimalli tulvatilanne\" \/><\/p>\n<p>Ladda ner \u00d6versv\u00e4mningsl\u00e4get:<br \/>\n<a href=\"https:\/\/vesi.fi\/medialle-tiedostot\/VESI_fi_mainosbannerit\/tulvatilanne_fi.zip\" target=\"_blank\" rel=\"noopener\">P\u00e5 finska<\/a> \u2022 <a href=\"https:\/\/vesi.fi\/medialle-tiedostot\/VESI_fi_mainosbannerit\/tulvatilanne_sve.zip\" target=\"_blank\" rel=\"noopener\">P\u00e5 svenska<\/a><\/p>\n<\/div>\n<div class=\"col-12 col-md-4 pb-2\">\n<p><img decoding=\"async\" class=\"img-fluid img-responsive img-fluid\" src=\"https:\/\/vesi.fi\/medialle-tiedostot\/VESI_fi_mainosbannerit\/SYKE_levatilanne.jpg\" alt=\"vesi.fi bannerimalli lev\u00e4tilanne\" \/><\/p>\n<p>Ladda ner Algl\u00e4get:<br \/>\n<a href=\"https:\/\/vesi.fi\/medialle-tiedostot\/VESI_fi_mainosbannerit\/levatilanne_fi.zip\" target=\"_blank\" rel=\"noopener\">P\u00e5 finska<\/a> \u2022 <a href=\"https:\/\/vesi.fi\/medialle-tiedostot\/VESI_fi_mainosbannerit\/levatilanne_sve.zip\" target=\"_blank\" rel=\"noopener\">P\u00e5 svenska<\/a><\/p>\n<\/div>\n<div class=\"col-12 col-md-4 pb-2\">\n<p><img decoding=\"async\" class=\"img-fluid img-responsive img-fluid\" src=\"https:\/\/vesi.fi\/medialle-tiedostot\/VESI_fi_mainosbannerit\/SYKE_pintavesien-tila.jpg\" alt=\"vesi.fi bannerimalli pintavesien tila\" \/><\/p>\n<p>Ladda ner Ytvattnets status:<br \/>\n<a href=\"https:\/\/vesi.fi\/medialle-tiedostot\/VESI_fi_mainosbannerit\/pintavesien_tila_fi.zip\" target=\"_blank\" rel=\"noopener\">P\u00e5 finska<\/a> \u2022 <a href=\"https:\/\/vesi.fi\/medialle-tiedostot\/VESI_fi_mainosbannerit\/pintavesien_tila_sve.zip\" target=\"_blank\" rel=\"noopener\">P\u00e5 svenska<\/a><\/p>\n<\/div>\n<div class=\"col-12 col-md-4 pb-2\">\n<p><img decoding=\"async\" class=\"img-fluid img-responsive img-fluid\" src=\"https:\/\/vesi.fi\/medialle-tiedostot\/VESI_fi_mainosbannerit\/SYKE_tarkista-pohjaveden_korkeus.jpg\" alt=\"vesi.fi bannerimalli tarkista pohjaveden korkeus\" \/><\/p>\n<p>Ladda ner Grundvattenst\u00e5ndet:<br \/>\n<a href=\"https:\/\/vesi.fi\/medialle-tiedostot\/VESI_fi_mainosbannerit\/kuivuus_pohjavesi_fi.zip\" target=\"_blank\" rel=\"noopener\">P\u00e5 finska<\/a> \u2022 <a href=\"https:\/\/vesi.fi\/medialle-tiedostot\/VESI_fi_mainosbannerit\/kuivuus_pohjavesi_sve.zip\" target=\"_blank\" rel=\"noopener\">P\u00e5 svenska<\/a><\/p>\n<\/div>\n<div class=\"col-12 col-md-4 pb-2\">\n<p><img decoding=\"async\" class=\"img-fluid img-responsive img-fluid\" src=\"https:\/\/vesi.fi\/medialle-tiedostot\/VESI_fi_mainosbannerit\/SYKE_tarkista_veden_korkeus.jpg\" alt=\"vesi.fi bannerimalli tarkista veden korkeus\" \/><\/p>\n<p>Ladda ner Vattenst\u00e5ndet:<br \/>\n<a href=\"https:\/\/vesi.fi\/medialle-tiedostot\/VESI_fi_mainosbannerit\/kuivuus_veden_korkeus_fi.zip\" target=\"_blank\" rel=\"noopener\">P\u00e5 finska<\/a> \u2022 <a href=\"https:\/\/vesi.fi\/medialle-tiedostot\/VESI_fi_mainosbannerit\/kuivuus_veden_korkeus_sve.zip\" target=\"_blank\" rel=\"noopener\">P\u00e5 svenska<\/a><\/p>\n<\/div>\n<div class=\"col-12 pt-2 pb-2\">\n<hr \/>\n<p>Ladda ner alla finskspr\u00e5kiga reklambanner\u00a0<a href=\"https:\/\/vesi.fi\/medialle-tiedostot\/VESI_fi_mainosbannerit\/VESI_fi_mainosbannerit_suomi.zip\" target=\"_blank\" rel=\"noopener\">h\u00e4r<\/a>.<\/p>\n<hr \/>\n<p>Ladda ner alla svenskspr\u00e5kiga reklambanner\u00a0<a href=\"https:\/\/vesi.fi\/medialle-tiedostot\/VESI_fi_mainosbannerit\/VESI_fi_mainosbannerit_svenska.zip\" target=\"_blank\" rel=\"noopener\">h\u00e4r<\/a>.<\/p>\n<hr \/>\n<\/div>\n<\/div>\n<p><!-- Bannereiden kuvalataukset --><\/p>\n<div class=\"row pt-2 pb-2\">\n<div class=\"col-12\">\n<h3>Reklambanner som bilder<\/h3>\n<\/div>\n<div class=\"col-12 col-md-4 pb-2\">\n<p><img decoding=\"async\" class=\"img-fluid img-responsive img-fluid\" src=\"https:\/\/www.vesi.fi\/wp-content\/uploads\/2021\/11\/vattenfi-islaget.jpg\" alt=\"vesi.fi bannerimalli j\u00e4\u00e4tilanne\" \/><\/p>\n<p>Ladda ner Isl\u00e4get:<br \/>\n<a href=\"https:\/\/vesi.fi\/medialle-tiedostot\/VESI_fi_mainosbannerit\/vesi-fi-jaatilanne.jpg\" target=\"_blank\" rel=\"noopener noreferrer\">P\u00e5 finska<\/a>\u2022 <a href=\"https:\/\/www.vesi.fi\/wp-content\/uploads\/2021\/11\/vattenfi-islaget.jpg\" target=\"_blank\" rel=\"noopener noreferrer\">P\u00e5 svenska<\/a><\/p>\n<\/div>\n<div class=\"col-12 col-md-4 pb-2\">\n<p><img decoding=\"async\" class=\"img-fluid img-responsive img-fluid\" src=\"https:\/\/www.vesi.fi\/wp-content\/uploads\/2021\/11\/vattenfi-alglaget.jpg\" alt=\"vesi.fi bannerimalli tarkista lev\u00e4tilanne\" \/><\/p>\n<p>Ladda ner Algl\u00e4get:<br \/>\n<a href=\"https:\/\/vesi.fi\/medialle-tiedostot\/VESI_fi_mainosbannerit\/vesi-fi-levatilanne.jpg\" target=\"_blank\" rel=\"noopener noreferrer\">P\u00e5 finska<\/a>\u2022 <a href=\"https:\/\/www.vesi.fi\/wp-content\/uploads\/2021\/11\/vattenfi-alglaget.jpg\" target=\"_blank\" rel=\"noopener noreferrer\">P\u00e5 svenska<\/a><\/p>\n<\/div>\n<div class=\"col-12 col-md-4 pb-2\">\n<p><img decoding=\"async\" class=\"img-fluid img-responsive img-fluid\" src=\"https:\/\/www.vesi.fi\/wp-content\/uploads\/2021\/11\/vattenfi-snolaget.jpg\" alt=\"vesi.fi bannerimalli lumitilanne\" \/><\/p>\n<p>Ladda ner Sn\u00f6l\u00e4get:<br \/>\n<a href=\"https:\/\/vesi.fi\/medialle-tiedostot\/VESI_fi_mainosbannerit\/vesi-fi-lumitilanne.jpg\" target=\"_blank\" rel=\"noopener noreferrer\">P\u00e5 finska<\/a>\u2022 <a href=\"https:\/\/www.vesi.fi\/wp-content\/uploads\/2021\/11\/vattenfi-snolaget.jpg\" target=\"_blank\" rel=\"noopener noreferrer\">P\u00e5 svenska<\/a><\/p>\n<\/div>\n<div class=\"col-12 col-md-4 pb-2\">\n<p><img decoding=\"async\" class=\"img-fluid img-responsive img-fluid\" src=\"https:\/\/www.vesi.fi\/wp-content\/uploads\/2021\/11\/vattenfi-oversvamningslaget-var.jpg\" alt=\"vesi.fi bannerimalli Tarkista tulvatilanne (kev\u00e4t)\" \/><\/p>\n<p>Ladda ner \u00d6versv\u00e4mningsl\u00e4get (v\u00e5r):<br \/>\n<a href=\"https:\/\/vesi.fi\/medialle-tiedostot\/VESI_fi_mainosbannerit\/vesi-fi-tulvatilanne-kevat.jpg\" target=\"_blank\" rel=\"noopener\">P\u00e5 finska<\/a>\u2022 <a href=\"https:\/\/www.vesi.fi\/wp-content\/uploads\/2021\/11\/vattenfi-oversvamningslaget-var.jpg\" target=\"_blank\" rel=\"noopener noreferrer\">P\u00e5 svenska<\/a><\/p>\n<\/div>\n<div class=\"col-12 col-md-4 pb-2\">\n<p><img decoding=\"async\" class=\"img-fluid img-responsive img-fluid\" src=\"https:\/\/www.vesi.fi\/wp-content\/uploads\/2021\/11\/vattenfi-oversvamningslaget-sommar.jpg\" alt=\"vesi.fi bannerimalli Tarkista tulvatilanne (kes\u00e4)\" \/><\/p>\n<p>Ladda ner \u00d6versv\u00e4mningsl\u00e4get (sommar):<br \/>\n<a href=\"https:\/\/vesi.fi\/medialle-tiedostot\/VESI_fi_mainosbannerit\/vesi-fi-tulvatilanne-kesa.jpg\" target=\"_blank\" rel=\"noopener\">P\u00e5 finska<\/a>\u2022 <a href=\"https:\/\/www.vesi.fi\/wp-content\/uploads\/2021\/11\/vattenfi-oversvamningslaget-sommar.jpg\" target=\"_blank\" rel=\"noopener noreferrer\">P\u00e5 svenska<\/a><\/p>\n<\/div>\n<div class=\"col-12 col-md-4 pb-2\">\n<p><img decoding=\"async\" class=\"img-fluid img-responsive img-fluid\" src=\"https:\/\/www.vesi.fi\/wp-content\/uploads\/2021\/11\/vattenfi-oversvamningslaget-host.jpg\" alt=\"vesi.fi bannerimalli Tarkista tulvatilanne (syksy)\" \/><\/p>\n<p>Ladda ner \u00d6versv\u00e4mningsl\u00e4get (h\u00f6st):<br \/>\n<a href=\"https:\/\/vesi.fi\/medialle-tiedostot\/VESI_fi_mainosbannerit\/vesi-fi-tulvatilanne-syksy.jpg\" target=\"_blank\" rel=\"noopener\">P\u00e5 finska<\/a>\u2022 <a href=\"https:\/\/www.vesi.fi\/wp-content\/uploads\/2021\/11\/vattenfi-oversvamningslaget-host.jpg.jpg\" target=\"_blank\" rel=\"noopener noreferrer\">P\u00e5 svenska<\/a><\/p>\n<\/div>\n<div class=\"col-12 col-md-4 pb-2\">\n<p><img decoding=\"async\" class=\"img-fluid img-responsive img-fluid\" src=\"https:\/\/www.vesi.fi\/wp-content\/uploads\/2021\/11\/vattenfi-ytvattenstatus.jpg\" alt=\"vesi.fi bannerimalli pintavesien tila\" \/><\/p>\n<p>Ladda ner Ytvattenstatus:<br \/>\n<a href=\"https:\/\/vesi.fi\/medialle-tiedostot\/VESI_fi_mainosbannerit\/vesi-fi-pintavesitila.jpg\" target=\"_blank\" rel=\"noopener\">P\u00e5 finska<\/a>\u2022 <a href=\"https:\/\/www.vesi.fi\/wp-content\/uploads\/2021\/11\/vattenfi-ytvattenstatus.jpg\" target=\"_blank\" rel=\"noopener noreferrer\">P\u00e5 svenska<\/a><\/p>\n<\/div>\n<div class=\"col-12 col-md-4 pb-2\">\n<p><img decoding=\"async\" class=\"img-fluid img-responsive img-fluid\" src=\"https:\/\/www.vesi.fi\/wp-content\/uploads\/2021\/11\/vattenfi-vattenfotavtryck.jpg\" alt=\"vesi.fi bannerimalli pintavesien tila\" \/><\/p>\n<p>Ladda ner Vattenfotavtryck:<br \/>\n<a href=\"https:\/\/vesi.fi\/medialle-tiedostot\/VESI_fi_mainosbannerit\/vesi-fi-vesijalanjalkilaskuri.jpg\" target=\"_blank\" rel=\"noopener\">P\u00e5 finska<\/a>\u2022 <a href=\"https:\/\/www.vesi.fi\/wp-content\/uploads\/2021\/11\/vattenfi-vattenfotavtryck.jpg\" target=\"_blank\" rel=\"noopener noreferrer\">P\u00e5 svenska<\/a><\/p>\n<\/div>\n<\/div>\n<p><!-- Tulvavaarakuvat --><\/p>\n<div class=\"row pt-2 pb-2\">\n<div class=\"col-12\">\n<h3>\u00d6versv\u00e4mningsrisk, Bilder<\/h3>\n<\/div>\n<div class=\"col-12 col-md-4 pb-2\">\n<p><img decoding=\"async\" class=\"img-fluid alignleft img-responsive img-fluid\" src=\"https:\/\/www.vesi.fi\/wp-content\/uploads\/2022\/04\/vattenfi-oversvamningar-01-skydd.jpg\" alt=\"Var beredd p\u00e5 farliga situationer som uppkommer p\u00e5 grund av \u00f6versv\u00e4mningar\" \/><\/p>\n<p>Ladda ner bild:<br \/>\n<a href=\"https:\/\/www.vesi.fi\/wp-content\/uploads\/2022\/04\/vesifi-tulvavaarat-01-suojaaminen.jpg\" target=\"_blank\" rel=\"noopener\">P\u00e5 finska<\/a> \u2022 <a href=\"https:\/\/www.vesi.fi\/wp-content\/uploads\/2022\/04\/vattenfi-oversvamningar-01-skydd.jpg\" target=\"_blank\" rel=\"noopener\">P\u00e5 svenska<\/a><\/p>\n<\/div>\n<div class=\"col-12 col-md-4 pb-2\"><img decoding=\"async\" class=\"img-fluid img-responsive img-fluid\" src=\"https:\/\/www.vesi.fi\/wp-content\/uploads\/2022\/04\/vattenfi-oversvamningar-02-flode-15cm.jpg\" alt=\"Var breed p\u00e5 farliga situationer som uppkommer p\u00e5 grund av \u00f6versv\u00e4mningar\" \/>Ladda ner bild:<br \/>\n<a href=\"https:\/\/www.vesi.fi\/wp-content\/uploads\/2022\/04\/vesifi-tulvavaarat-02-virtaus-15cm.jpg\" target=\"_blank\" rel=\"noopener\">P\u00e5 finska<\/a> \u2022 <a href=\"https:\/\/www.vesi.fi\/wp-content\/uploads\/2022\/04\/vattenfi-oversvamningar-02-flode-15cm.jpg\" target=\"_blank\" rel=\"noopener\">P\u00e4 svenska<\/a><\/div>\n<div class=\"col-12 col-md-4 pb-2\"><img decoding=\"async\" class=\"img-fluid img-responsive img-fluid\" src=\"https:\/\/www.vesi.fi\/wp-content\/uploads\/2022\/04\/vattenfi-oversvamningar-03-gropar-hinder.jpg\" alt=\"Var beredd p\u00e5 farliga situationer som uppkommer p\u00e5 grund av \u00f6versv\u00e4mningar\" \/>Ladda ner bild:<br \/>\n<a href=\"https:\/\/www.vesi.fi\/wp-content\/uploads\/2022\/04\/vesifi-tulvavaarat-03-kuopat-esteet.jpg\" target=\"_blank\" rel=\"noopener\">P\u00e5 finska<\/a> \u2022 <a href=\"https:\/\/www.vesi.fi\/wp-content\/uploads\/2022\/04\/vattenfi-oversvamningar-03-gropar-hinder.jpg\" target=\"_blank\" rel=\"noopener\">P\u00e5 svenska<\/a><\/div>\n<div class=\"col-12 col-md-4 pb-2\"><img decoding=\"async\" class=\"img-fluid alignnone img-responsive img-fluid\" src=\"https:\/\/www.vesi.fi\/wp-content\/uploads\/2022\/04\/vattenfi-oversvamningar-04-flode-30-60cm.jpg\" alt=\"Var beredd p\u00e5 farliga situationer som uppkommer p\u00e5 grund av \u00f6versv\u00e4mningar\" \/>Ladda ner bild:<br \/>\n<a href=\"https:\/\/www.vesi.fi\/wp-content\/uploads\/2022\/04\/vesifi-tulvavaarat-04-virtaus-30-60cm.jpg\" target=\"_blank\" rel=\"noopener\">P\u00e5 finska<\/a> \u2022 <a href=\"https:\/\/www.vesi.fi\/wp-content\/uploads\/2022\/04\/vattenfi-oversvamningar-04-flode-30-60cm.jpg\" target=\"_blank\" rel=\"noopener\">P\u00e4 svenska<\/a><\/div>\n<\/div>\n","protected":false},"excerpt":{"rendered":"<p>Information om vatten Webbplatsen vatten.fi, som samordnas av Finlands milj\u00f6central, erbjuder medborgare, experter och medier aktuell information och verktyg om vatten samt relaterade fenomen, nyheter och akt\u00f6rer. Kommunikation och medietj\u00e4nster Telefon: 0295 251 072 E-post: media@syke.fi Aktuell information om milj\u00f6n Nyheter Twitter: @pinnanalta Twitter: @Sykeinfo Facebook Nyhetsbrev Bloggar V\u00e5ra webbtj\u00e4nster Ostersjon.fi Miljo.fi Logor, p\u00e5 finska [&hellip;]<\/p>\n","protected":false},"author":19,"featured_media":0,"parent":0,"menu_order":77,"comment_status":"closed","ping_status":"closed","template":"yleispohja-otsikolla-palsta-ylhaalla.php","meta":{"_acf_changed":false,"footnotes":""},"wf_page_folders":[],"class_list":["post-5995","page","type-page","status-publish","hentry"],"acf":[],"aioseo_notices":[],"_links":{"self":[{"href":"https:\/\/www.vesi.fi\/sv\/wp-json\/wp\/v2\/pages\/5995","targetHints":{"allow":["GET"]}}],"collection":[{"href":"https:\/\/www.vesi.fi\/sv\/wp-json\/wp\/v2\/pages"}],"about":[{"href":"https:\/\/www.vesi.fi\/sv\/wp-json\/wp\/v2\/types\/page"}],"author":[{"embeddable":true,"href":"https:\/\/www.vesi.fi\/sv\/wp-json\/wp\/v2\/users\/19"}],"replies":[{"embeddable":true,"href":"https:\/\/www.vesi.fi\/sv\/wp-json\/wp\/v2\/comments?post=5995"}],"version-history":[{"count":155,"href":"https:\/\/www.vesi.fi\/sv\/wp-json\/wp\/v2\/pages\/5995\/revisions"}],"predecessor-version":[{"id":37767,"href":"https:\/\/www.vesi.fi\/sv\/wp-json\/wp\/v2\/pages\/5995\/revisions\/37767"}],"wp:attachment":[{"href":"https:\/\/www.vesi.fi\/sv\/wp-json\/wp\/v2\/media?parent=5995"}],"wp:term":[{"taxonomy":"wf_page_folders","embeddable":true,"href":"https:\/\/www.vesi.fi\/sv\/wp-json\/wp\/v2\/wf_page_folders?post=5995"}],"curies":[{"name":"wp","href":"https:\/\/api.w.org\/{rel}","templated":true}]}}