{"id":5866,"date":"2020-06-23T09:56:43","date_gmt":"2020-06-23T06:56:43","guid":{"rendered":"https:\/\/www.dadvertising.fi\/vesifi_uusidemo\/?page_id=5866"},"modified":"2021-08-05T12:58:37","modified_gmt":"2021-08-05T09:58:37","slug":"respons","status":"publish","type":"page","link":"https:\/\/www.vesi.fi\/sv\/respons\/","title":{"rendered":"Respons"},"content":{"rendered":"<div class=\"palautelomake\">\n<div class=\"lomakevalinta row ml-0 mr-0\">\n<div class=\"form-check col-12 col-sm-4 text-center\">\n<p><label class=\"form-check-label\" for=\"lomakeCheck1\"><img loading=\"lazy\" decoding=\"async\" width=\"800\" height=\"800\" class=\"alignnone size-full wp-image-7484 img-responsive img-fluid\" src=\"https:\/\/www.vesi.fi\/sv\/wp-content\/uploads\/2020\/09\/image-2.jpeg\" alt=\"Palaute, tekninen vika\" \/><\/label><\/p>\n<p><input id=\"lomakeCheck1\" class=\"form-check-input\" checked=\"checked\" name=\"lomakevalinta\" type=\"radio\" value=\"lomake1\" \/>Tekniskt fel<\/p>\n<p>&nbsp;<\/p>\n<\/div>\n<div class=\"form-check col-12 col-sm-4 text-center\">\n<p><label class=\"form-check-label\" for=\"lomakeCheck2\"><img loading=\"lazy\" decoding=\"async\" width=\"800\" height=\"800\" class=\"alignnone size-full wp-image-7483 img-responsive img-fluid\" src=\"https:\/\/www.vesi.fi\/sv\/wp-content\/uploads\/2020\/09\/image-1.jpeg\" alt=\"Palaute, virhe sis\u00e4ll\u00f6ss\u00e4\" \/><\/label><\/p>\n<p><input id=\"lomakeCheck2\" class=\"form-check-input\" name=\"lomakevalinta\" type=\"radio\" value=\"lomake2\" \/>Fel i inneh\u00e5llet<\/p>\n<p>&nbsp;<\/p>\n<\/div>\n<div class=\"form-check col-12 col-sm-4 text-center\">\n<p><label class=\"form-check-label\" for=\"lomakeCheck3\"><img loading=\"lazy\" decoding=\"async\" width=\"800\" height=\"800\" class=\"alignnone size-full wp-image-7482 img-responsive img-fluid\" src=\"https:\/\/www.vesi.fi\/sv\/wp-content\/uploads\/2020\/09\/image.jpeg\" alt=\"Palaute, sis\u00e4lt\u00f6toive\" \/><\/label><\/p>\n<p><input id=\"lomakeCheck3\" class=\"form-check-input\" name=\"lomakevalinta\" type=\"radio\" value=\"lomake3\" \/>\u00d6nskem\u00e5l om inneh\u00e5ll<\/p>\n<p>&nbsp;<\/p>\n<\/div>\n<\/div>\n<div id=\"lomake1\" class=\"\">\n<div class=\"wpcf7 no-js\" id=\"wpcf7-f5869-o1\" lang=\"fi\" dir=\"ltr\" data-wpcf7-id=\"5869\">\n<div class=\"screen-reader-response\"><p role=\"status\" aria-live=\"polite\" aria-atomic=\"true\"><\/p> <ul><\/ul><\/div>\n<form action=\"\/sv\/wp-json\/wp\/v2\/pages\/5866#wpcf7-f5869-o1\" method=\"post\" class=\"wpcf7-form init\" aria-label=\"Yhteydenottolomake\" novalidate=\"novalidate\" data-status=\"init\">\n<fieldset class=\"hidden-fields-container\"><input type=\"hidden\" name=\"_wpcf7\" value=\"5869\" \/><input type=\"hidden\" name=\"_wpcf7_version\" value=\"6.1.5\" \/><input type=\"hidden\" name=\"_wpcf7_locale\" value=\"fi\" \/><input type=\"hidden\" name=\"_wpcf7_unit_tag\" value=\"wpcf7-f5869-o1\" \/><input type=\"hidden\" name=\"_wpcf7_container_post\" value=\"0\" \/><input type=\"hidden\" name=\"_wpcf7_posted_data_hash\" value=\"\" \/>\n<\/fieldset>\n<div class=\"row\">\n\t<div class=\"col-12 p-2 pl-4 pr-4\">\n\t\t<p><label for=\"ongelma_url\">Kopiera h\u00e4r problemsidans adress<\/label><br \/>\n<span class=\"wpcf7-form-control-wrap\" data-name=\"ongelma_url\"><input size=\"40\" maxlength=\"400\" class=\"wpcf7-form-control wpcf7-url wpcf7-text wpcf7-validates-as-url form-control\" id=\"ongelma_url\" aria-invalid=\"false\" value=\"\" type=\"url\" name=\"ongelma_url\" \/><\/span><br \/>\n<label for=\"ongelma_kuvailu\">Beskriv problemet du observerat <\/label><br \/>\n<span class=\"wpcf7-form-control-wrap\" data-name=\"ongelma_kuvailu\"><textarea cols=\"40\" rows=\"10\" maxlength=\"2000\" class=\"wpcf7-form-control wpcf7-textarea form-control\" id=\"ongelma_kuvailu\" aria-invalid=\"false\" name=\"ongelma_kuvailu\"><\/textarea><\/span>\n\t\t<\/p>\n\t<\/div>\n<\/div>\n<div class=\"row\">\n\t<div class=\"col-12 p-2 pl-4 pr-4\">\n\t\t<p class=\"text-left\"><span class=\"wpcf7-form-control-wrap\" data-name=\"yhteydenotto\"><span class=\"wpcf7-form-control wpcf7-checkbox haluanyhteydenoton\" id=\"haluanyhteydenoton\"><span class=\"wpcf7-list-item first last\"><label><input type=\"checkbox\" name=\"yhteydenotto[]\" value=\"Jag vill bli kontaktad\" \/><span class=\"wpcf7-list-item-label\">Jag vill bli kontaktad<\/span><\/label><\/span><\/span><\/span>\n\t\t<\/p>\n\t\t<p class=\"text-left\" id=\"frmemail\"><span class=\"wpcf7-form-control-wrap\" data-name=\"yhteydenottoemail\"><input size=\"40\" maxlength=\"400\" class=\"wpcf7-form-control wpcf7-email wpcf7-text wpcf7-validates-as-email form-control\" id=\"yhteydenottoemail\" aria-invalid=\"false\" placeholder=\"E-postadress\" value=\"\" type=\"email\" name=\"yhteydenottoemail\" \/><\/span>\n\t\t<\/p>\n\t<\/div>\n<\/div>\n<div class=\"row\">\n\t<div class=\"col-12 p-2 pl-4 pr-4\">\n\t\t<p class=\"text-right\"><input class=\"wpcf7-form-control wpcf7-submit has-spinner\" type=\"submit\" value=\"Skicka\" \/>\n\t\t<\/p>\n\t<\/div>\n<\/div><div class=\"wpcf7-response-output\" aria-hidden=\"true\"><\/div>\n<\/form>\n<\/div>\n<\/div>\n<div id=\"lomake2\" class=\"d-none\">\n<div class=\"wpcf7 no-js\" id=\"wpcf7-f5870-o2\" lang=\"fi\" dir=\"ltr\" data-wpcf7-id=\"5870\">\n<div class=\"screen-reader-response\"><p role=\"status\" aria-live=\"polite\" aria-atomic=\"true\"><\/p> <ul><\/ul><\/div>\n<form action=\"\/sv\/wp-json\/wp\/v2\/pages\/5866#wpcf7-f5870-o2\" method=\"post\" class=\"wpcf7-form init\" aria-label=\"Yhteydenottolomake\" novalidate=\"novalidate\" data-status=\"init\">\n<fieldset class=\"hidden-fields-container\"><input type=\"hidden\" name=\"_wpcf7\" value=\"5870\" \/><input type=\"hidden\" name=\"_wpcf7_version\" value=\"6.1.5\" \/><input type=\"hidden\" name=\"_wpcf7_locale\" value=\"fi\" \/><input type=\"hidden\" name=\"_wpcf7_unit_tag\" value=\"wpcf7-f5870-o2\" \/><input type=\"hidden\" name=\"_wpcf7_container_post\" value=\"0\" \/><input type=\"hidden\" name=\"_wpcf7_posted_data_hash\" value=\"\" \/>\n<\/fieldset>\n<div class=\"row\">\n\t<div class=\"col-12 p-2 pl-4 pr-4\">\n\t\t<p><label for=\"ongelma_url\">Kopiera h\u00e4r problemsidans adress<\/label><br \/>\n<span class=\"wpcf7-form-control-wrap\" data-name=\"ongelma_url\"><input size=\"40\" maxlength=\"400\" class=\"wpcf7-form-control wpcf7-url wpcf7-text wpcf7-validates-as-url form-control\" aria-invalid=\"false\" value=\"\" type=\"url\" name=\"ongelma_url\" \/><\/span>\n\t\t<\/p>\n\t<\/div>\n<\/div>\n<div class=\"row\">\n\t<div class=\"col-12 p-2 pl-4 pr-4\">\n\t\t<p><label for=\"ongelma_kuvailu\">Beskriv problemet du observerat<\/label><br \/>\n<span class=\"wpcf7-form-control-wrap\" data-name=\"ongelma_kuvailu\"><textarea cols=\"40\" rows=\"10\" maxlength=\"2000\" class=\"wpcf7-form-control wpcf7-textarea form-control\" aria-invalid=\"false\" name=\"ongelma_kuvailu\"><\/textarea><\/span>\n\t\t<\/p>\n\t<\/div>\n<\/div>\n<div class=\"row\">\n\t<div class=\"col-12 p-2 pl-4 pr-4\">\n\t\t<p class=\"text-left\"><span class=\"wpcf7-form-control-wrap\" data-name=\"yhteydenotto\"><span class=\"wpcf7-form-control wpcf7-checkbox haluanyhteydenoton\"><span class=\"wpcf7-list-item first last\"><label><input type=\"checkbox\" name=\"yhteydenotto[]\" value=\"Jag vill bli kontaktad\" \/><span class=\"wpcf7-list-item-label\">Jag vill bli kontaktad<\/span><\/label><\/span><\/span><\/span>\n\t\t<\/p>\n\t\t<p class=\"text-left\" id=\"frmemail\"><span class=\"wpcf7-form-control-wrap\" data-name=\"yhteydenottoemail\"><input size=\"40\" maxlength=\"400\" class=\"wpcf7-form-control wpcf7-email wpcf7-text wpcf7-validates-as-email form-control\" aria-invalid=\"false\" placeholder=\"E-postadress\" value=\"\" type=\"email\" name=\"yhteydenottoemail\" \/><\/span>\n\t\t<\/p>\n\t<\/div>\n<\/div>\n<div class=\"row\">\n\t<div class=\"col-12 p-2 pl-4 pr-4\">\n\t\t<p class=\"text-right\"><input class=\"wpcf7-form-control wpcf7-submit has-spinner\" type=\"submit\" value=\"Skicka\" \/>\n\t\t<\/p>\n\t<\/div>\n<\/div><div class=\"wpcf7-response-output\" aria-hidden=\"true\"><\/div>\n<\/form>\n<\/div>\n<\/div>\n<div id=\"lomake3\" class=\"d-none\">\n<div class=\"wpcf7 no-js\" id=\"wpcf7-f5871-o3\" lang=\"fi\" dir=\"ltr\" data-wpcf7-id=\"5871\">\n<div class=\"screen-reader-response\"><p role=\"status\" aria-live=\"polite\" aria-atomic=\"true\"><\/p> <ul><\/ul><\/div>\n<form action=\"\/sv\/wp-json\/wp\/v2\/pages\/5866#wpcf7-f5871-o3\" method=\"post\" class=\"wpcf7-form init\" aria-label=\"Yhteydenottolomake\" novalidate=\"novalidate\" data-status=\"init\">\n<fieldset class=\"hidden-fields-container\"><input type=\"hidden\" name=\"_wpcf7\" value=\"5871\" \/><input type=\"hidden\" name=\"_wpcf7_version\" value=\"6.1.5\" \/><input type=\"hidden\" name=\"_wpcf7_locale\" value=\"fi\" \/><input type=\"hidden\" name=\"_wpcf7_unit_tag\" value=\"wpcf7-f5871-o3\" \/><input type=\"hidden\" name=\"_wpcf7_container_post\" value=\"0\" \/><input type=\"hidden\" name=\"_wpcf7_posted_data_hash\" value=\"\" \/>\n<\/fieldset>\n<div class=\"row\">\n\t<div class=\"col-12 p-2 pl-4 pr-4\">\n\t\t<p><label for=\"sisaltotoive\">Vilket inneh\u00e5ll \u00f6nskar du i tj\u00e4nsten vesi.fi?<\/label><br \/>\n<span class=\"wpcf7-form-control-wrap\" data-name=\"sisaltotoive\"><textarea cols=\"40\" rows=\"10\" maxlength=\"2000\" class=\"wpcf7-form-control wpcf7-textarea form-control\" id=\"sisaltotoive\" aria-invalid=\"false\" name=\"sisaltotoive\"><\/textarea><\/span>\n\t\t<\/p>\n\t<\/div>\n<\/div>\n<div class=\"row\">\n\t<div class=\"col-12 p-2 pl-4 pr-4\">\n\t\t<p class=\"text-left\"><span class=\"wpcf7-form-control-wrap\" data-name=\"yhteydenotto\"><span class=\"wpcf7-form-control wpcf7-checkbox haluanyhteydenoton\"><span class=\"wpcf7-list-item first last\"><label><input type=\"checkbox\" name=\"yhteydenotto[]\" value=\"Jag vill bli kontaktad\" \/><span class=\"wpcf7-list-item-label\">Jag vill bli kontaktad<\/span><\/label><\/span><\/span><\/span>\n\t\t<\/p>\n\t\t<p class=\"text-left\" id=\"frmemail\"><span class=\"wpcf7-form-control-wrap\" data-name=\"yhteydenottoemail\"><input size=\"40\" maxlength=\"400\" class=\"wpcf7-form-control wpcf7-email wpcf7-text wpcf7-validates-as-email form-control\" aria-invalid=\"false\" placeholder=\"E-postadress\" value=\"\" type=\"email\" name=\"yhteydenottoemail\" \/><\/span>\n\t\t<\/p>\n\t<\/div>\n<\/div>\n<div class=\"row\">\n\t<div class=\"col-12 p-2 pl-4 pr-4\">\n\t\t<p class=\"text-right\"><input class=\"wpcf7-form-control wpcf7-submit has-spinner\" type=\"submit\" value=\"Skicka\" \/>\n\t\t<\/p>\n\t<\/div>\n<\/div><div class=\"wpcf7-response-output\" aria-hidden=\"true\"><\/div>\n<\/form>\n<\/div>\n<\/div>\n<\/div>\n","protected":false},"excerpt":{"rendered":"<p>Tekniskt fel &nbsp; Fel i inneh\u00e5llet &nbsp; \u00d6nskem\u00e5l om inneh\u00e5ll &nbsp;<\/p>\n","protected":false},"author":1,"featured_media":0,"parent":0,"menu_order":79,"comment_status":"closed","ping_status":"closed","template":"palaute.php","meta":{"_acf_changed":false,"footnotes":""},"wf_page_folders":[],"class_list":["post-5866","page","type-page","status-publish","hentry"],"acf":[],"aioseo_notices":[],"_links":{"self":[{"href":"https:\/\/www.vesi.fi\/sv\/wp-json\/wp\/v2\/pages\/5866","targetHints":{"allow":["GET"]}}],"collection":[{"href":"https:\/\/www.vesi.fi\/sv\/wp-json\/wp\/v2\/pages"}],"about":[{"href":"https:\/\/www.vesi.fi\/sv\/wp-json\/wp\/v2\/types\/page"}],"author":[{"embeddable":true,"href":"https:\/\/www.vesi.fi\/sv\/wp-json\/wp\/v2\/users\/1"}],"replies":[{"embeddable":true,"href":"https:\/\/www.vesi.fi\/sv\/wp-json\/wp\/v2\/comments?post=5866"}],"version-history":[{"count":14,"href":"https:\/\/www.vesi.fi\/sv\/wp-json\/wp\/v2\/pages\/5866\/revisions"}],"predecessor-version":[{"id":11996,"href":"https:\/\/www.vesi.fi\/sv\/wp-json\/wp\/v2\/pages\/5866\/revisions\/11996"}],"wp:attachment":[{"href":"https:\/\/www.vesi.fi\/sv\/wp-json\/wp\/v2\/media?parent=5866"}],"wp:term":[{"taxonomy":"wf_page_folders","embeddable":true,"href":"https:\/\/www.vesi.fi\/sv\/wp-json\/wp\/v2\/wf_page_folders?post=5866"}],"curies":[{"name":"wp","href":"https:\/\/api.w.org\/{rel}","templated":true}]}}