{"id":37062,"date":"2025-06-25T09:30:39","date_gmt":"2025-06-25T06:30:39","guid":{"rendered":"https:\/\/www.vesi.fi\/sv\/?page_id=37062"},"modified":"2025-06-25T09:30:39","modified_gmt":"2025-06-25T06:30:39","slug":"arkiv-over-blagronalgsrapporter","status":"publish","type":"page","link":"https:\/\/www.vesi.fi\/sv\/arkiv-over-blagronalgsrapporter\/","title":{"rendered":"Arkiv \u00f6ver bl\u00e5gr\u00f6nalgsrapporter"},"content":{"rendered":"","protected":false},"excerpt":{"rendered":"","protected":false},"author":1,"featured_media":0,"parent":0,"menu_order":2,"comment_status":"closed","ping_status":"closed","template":"sinileva-arkisto.php","meta":{"_acf_changed":false,"footnotes":""},"wf_page_folders":[],"class_list":["post-37062","page","type-page","status-publish","hentry"],"acf":[],"aioseo_notices":[],"_links":{"self":[{"href":"https:\/\/www.vesi.fi\/sv\/wp-json\/wp\/v2\/pages\/37062","targetHints":{"allow":["GET"]}}],"collection":[{"href":"https:\/\/www.vesi.fi\/sv\/wp-json\/wp\/v2\/pages"}],"about":[{"href":"https:\/\/www.vesi.fi\/sv\/wp-json\/wp\/v2\/types\/page"}],"author":[{"embeddable":true,"href":"https:\/\/www.vesi.fi\/sv\/wp-json\/wp\/v2\/users\/1"}],"replies":[{"embeddable":true,"href":"https:\/\/www.vesi.fi\/sv\/wp-json\/wp\/v2\/comments?post=37062"}],"version-history":[{"count":1,"href":"https:\/\/www.vesi.fi\/sv\/wp-json\/wp\/v2\/pages\/37062\/revisions"}],"predecessor-version":[{"id":37063,"href":"https:\/\/www.vesi.fi\/sv\/wp-json\/wp\/v2\/pages\/37062\/revisions\/37063"}],"wp:attachment":[{"href":"https:\/\/www.vesi.fi\/sv\/wp-json\/wp\/v2\/media?parent=37062"}],"wp:term":[{"taxonomy":"wf_page_folders","embeddable":true,"href":"https:\/\/www.vesi.fi\/sv\/wp-json\/wp\/v2\/wf_page_folders?post=37062"}],"curies":[{"name":"wp","href":"https:\/\/api.w.org\/{rel}","templated":true}]}}