{"id":15859,"date":"2022-08-22T08:41:44","date_gmt":"2022-08-22T05:41:44","guid":{"rendered":"https:\/\/www.vesi.fi\/sv\/?page_id=15859"},"modified":"2022-08-22T08:41:44","modified_gmt":"2022-08-22T05:41:44","slug":"reglering-av-pasvik-alvs-avrinningsomrade","status":"publish","type":"page","link":"https:\/\/www.vesi.fi\/sv\/reglering-av-pasvik-alvs-avrinningsomrade\/","title":{"rendered":"Reglering av Pasvik \u00e4lvs avrinningsomr\u00e5de"},"content":{"rendered":"<h2>Pasvik \u00e4lvs avrinningsomr\u00e5de<\/h2>\n<p>Pasvik \u00e4lvs avrinningsomr\u00e5de ligger i norra delen av landskapet Lappland, huvudsakligen i Enare kommun. Avrinningsomr\u00e5dets har en areal p\u00e5 18\u00a0403 km<sup>2<\/sup>, varav 14\u00a0512 km<sup>2<\/sup> p\u00e5 den finska sidan, och en sj\u00f6procent p\u00e5 12,4 procent. Enare tr\u00e4sk \u00e4r centralsj\u00f6 i Pasvik \u00e4lvs avrinningsomr\u00e5de. Pasvik \u00e4lv rinner upp vid Enare tr\u00e4sks utlopp i n\u00e4rheten av byn Nellim. D\u00e4rifr\u00e5n rinner \u00e4lven till ryska sidan och mynnar slutligen ut i Ishavet efter en sv\u00e4ng \u00f6ver till norska sidan. Pasvik \u00e4lvs avrinningsomr\u00e5de h\u00f6r till samernas hembygdsomr\u00e5de och rensk\u00f6tselomr\u00e5det.<\/p>\n<p>De vattendrag som rinner ut i Enare tr\u00e4sk \u00e4r i naturligt tillst\u00e5nd med undantag av Kirakkajokis vattendrag, som har byggts f\u00f6r energiekonomins behov. De st\u00f6rsta \u00e4lvarna som mynnar ut i Enare tr\u00e4sk \u00e4r Ivalojoki och Juutuanjoki.<\/p>\n","protected":false},"excerpt":{"rendered":"<p>Pasvik \u00e4lvs avrinningsomr\u00e5de Pasvik \u00e4lvs avrinningsomr\u00e5de ligger i norra delen av landskapet Lappland, huvudsakligen i Enare kommun. Avrinningsomr\u00e5dets har en areal p\u00e5 18\u00a0403 km2, varav 14\u00a0512 km2 p\u00e5 den finska sidan, och en sj\u00f6procent p\u00e5 12,4 procent. Enare tr\u00e4sk \u00e4r centralsj\u00f6 i Pasvik \u00e4lvs avrinningsomr\u00e5de. Pasvik \u00e4lv rinner upp vid Enare tr\u00e4sks utlopp i n\u00e4rheten [&hellip;]<\/p>\n","protected":false},"author":1,"featured_media":15861,"parent":0,"menu_order":19,"comment_status":"closed","ping_status":"closed","template":"teemasivu-saannostely-alasivu.php","meta":{"_acf_changed":false,"footnotes":""},"wf_page_folders":[843],"class_list":["post-15859","page","type-page","status-publish","has-post-thumbnail","hentry"],"acf":[],"aioseo_notices":[],"_links":{"self":[{"href":"https:\/\/www.vesi.fi\/sv\/wp-json\/wp\/v2\/pages\/15859","targetHints":{"allow":["GET"]}}],"collection":[{"href":"https:\/\/www.vesi.fi\/sv\/wp-json\/wp\/v2\/pages"}],"about":[{"href":"https:\/\/www.vesi.fi\/sv\/wp-json\/wp\/v2\/types\/page"}],"author":[{"embeddable":true,"href":"https:\/\/www.vesi.fi\/sv\/wp-json\/wp\/v2\/users\/1"}],"replies":[{"embeddable":true,"href":"https:\/\/www.vesi.fi\/sv\/wp-json\/wp\/v2\/comments?post=15859"}],"version-history":[{"count":7,"href":"https:\/\/www.vesi.fi\/sv\/wp-json\/wp\/v2\/pages\/15859\/revisions"}],"predecessor-version":[{"id":16633,"href":"https:\/\/www.vesi.fi\/sv\/wp-json\/wp\/v2\/pages\/15859\/revisions\/16633"}],"wp:featuredmedia":[{"embeddable":true,"href":"https:\/\/www.vesi.fi\/sv\/wp-json\/wp\/v2\/media\/15861"}],"wp:attachment":[{"href":"https:\/\/www.vesi.fi\/sv\/wp-json\/wp\/v2\/media?parent=15859"}],"wp:term":[{"taxonomy":"wf_page_folders","embeddable":true,"href":"https:\/\/www.vesi.fi\/sv\/wp-json\/wp\/v2\/wf_page_folders?post=15859"}],"curies":[{"name":"wp","href":"https:\/\/api.w.org\/{rel}","templated":true}]}}