{"id":15855,"date":"2022-08-22T08:38:09","date_gmt":"2022-08-22T05:38:09","guid":{"rendered":"https:\/\/www.vesi.fi\/sv\/?page_id=15855"},"modified":"2026-04-09T13:22:34","modified_gmt":"2026-04-09T10:22:34","slug":"reglering-av-ule-alvs-avrinningsomrade","status":"publish","type":"page","link":"https:\/\/www.vesi.fi\/sv\/reglering-av-ule-alvs-avrinningsomrade\/","title":{"rendered":"Reglering av Ule \u00e4lvs avrinningsomr\u00e5de"},"content":{"rendered":"<h2>Ule \u00e4lvs avrinningsomr\u00e5de<\/h2>\n<p>Ule \u00e4lvs avrinningsomr\u00e5de \u00e4r det femte st\u00f6rsta till ytan och det fj\u00e4rde st\u00f6rsta till vattenf\u00f6ringen i Finland. Omr\u00e5det har en areal p\u00e5 22\u00a0841 km<sup>2<\/sup> och en sj\u00f6procent p\u00e5 11,47 procent. Vattendragets reglerade sj\u00f6ar har en areal p\u00e5 1\u00a0425 km<sup>2<\/sup> vid medelvattenst\u00e5nd och den st\u00f6rsta regleringsvolymen \u00e4r 4\u00a0369 miljoner m<sup>3<\/sup>.<\/p>\n<p>Ule \u00e4lvs avrinningsomr\u00e5de omfattar ett omr\u00e5de fr\u00e5n Bottenviken l\u00e4ngs Ule \u00e4lv till Ule tr\u00e4sk samt avrinningsomr\u00e5dena f\u00f6r de bif\u00e5ror som mynnar ut i Ule \u00e4lv. P\u00e5 den h\u00e4r str\u00e4ckan p\u00e5 107 kilometer \u00e4r fallh\u00f6jden 122 meter. I Ule \u00e4lv finns sju kraftverk och i Utosjoki som mynnar ut i \u00e4lven finns ett. Vattendragets centralsj\u00f6 \u00e4r Ule tr\u00e4sk, som regleras med Jylh\u00e4m\u00e4 kraftverk. Hyrynsalmistr\u00e5ten och Sotkamostr\u00e5ten samt sex mindre vattendrag mynnar ut i Ule tr\u00e4sk.<\/p>\n<p>Det finns totalt 18 kraftverk i avrinningsomr\u00e5det och d\u00e4rf\u00f6r h\u00f6r vattendraget med tanke p\u00e5 reglerkraften till de viktigaste i landet.<\/p>\n","protected":false},"excerpt":{"rendered":"<p>Ule \u00e4lvs avrinningsomr\u00e5de Ule \u00e4lvs avrinningsomr\u00e5de \u00e4r det femte st\u00f6rsta till ytan och det fj\u00e4rde st\u00f6rsta till vattenf\u00f6ringen i Finland. Omr\u00e5det har en areal p\u00e5 22\u00a0841 km2 och en sj\u00f6procent p\u00e5 11,47 procent. Vattendragets reglerade sj\u00f6ar har en areal p\u00e5 1\u00a0425 km2 vid medelvattenst\u00e5nd och den st\u00f6rsta regleringsvolymen \u00e4r 4\u00a0369 miljoner m3. Ule \u00e4lvs avrinningsomr\u00e5de [&hellip;]<\/p>\n","protected":false},"author":1,"featured_media":15863,"parent":0,"menu_order":17,"comment_status":"closed","ping_status":"closed","template":"teemasivu-saannostely-alasivu.php","meta":{"_acf_changed":false,"footnotes":""},"wf_page_folders":[843],"class_list":["post-15855","page","type-page","status-publish","has-post-thumbnail","hentry"],"acf":[],"aioseo_notices":[],"_links":{"self":[{"href":"https:\/\/www.vesi.fi\/sv\/wp-json\/wp\/v2\/pages\/15855","targetHints":{"allow":["GET"]}}],"collection":[{"href":"https:\/\/www.vesi.fi\/sv\/wp-json\/wp\/v2\/pages"}],"about":[{"href":"https:\/\/www.vesi.fi\/sv\/wp-json\/wp\/v2\/types\/page"}],"author":[{"embeddable":true,"href":"https:\/\/www.vesi.fi\/sv\/wp-json\/wp\/v2\/users\/1"}],"replies":[{"embeddable":true,"href":"https:\/\/www.vesi.fi\/sv\/wp-json\/wp\/v2\/comments?post=15855"}],"version-history":[{"count":7,"href":"https:\/\/www.vesi.fi\/sv\/wp-json\/wp\/v2\/pages\/15855\/revisions"}],"predecessor-version":[{"id":38679,"href":"https:\/\/www.vesi.fi\/sv\/wp-json\/wp\/v2\/pages\/15855\/revisions\/38679"}],"wp:featuredmedia":[{"embeddable":true,"href":"https:\/\/www.vesi.fi\/sv\/wp-json\/wp\/v2\/media\/15863"}],"wp:attachment":[{"href":"https:\/\/www.vesi.fi\/sv\/wp-json\/wp\/v2\/media?parent=15855"}],"wp:term":[{"taxonomy":"wf_page_folders","embeddable":true,"href":"https:\/\/www.vesi.fi\/sv\/wp-json\/wp\/v2\/wf_page_folders?post=15855"}],"curies":[{"name":"wp","href":"https:\/\/api.w.org\/{rel}","templated":true}]}}