{"id":15853,"date":"2022-08-22T08:36:25","date_gmt":"2022-08-22T05:36:25","guid":{"rendered":"https:\/\/www.vesi.fi\/sv\/?page_id=15853"},"modified":"2022-08-22T08:36:25","modified_gmt":"2022-08-22T05:36:25","slug":"reglering-av-vuoksens-avrinningsomrade","status":"publish","type":"page","link":"https:\/\/www.vesi.fi\/sv\/reglering-av-vuoksens-avrinningsomrade\/","title":{"rendered":"Reglering av Vuoksens avrinningsomr\u00e5de"},"content":{"rendered":"<h2>Vuoksens avrinningsomr\u00e5de<\/h2>\n<p>Vuoksens vattensystem har det st\u00f6rsta avrinningsomr\u00e5det i v\u00e5rt land. Det str\u00e4cker sig \u00f6ver landskapen Kymmenedalen, S\u00f6dra Karelen, S\u00f6dra Savolax, Norra Karelen, Norra Savolax, Kajanaland och Norra \u00d6sterbotten. Vattensystemet avgr\u00e4nsas i v\u00e4st av Savonselk\u00e4, i nordv\u00e4st av Suomenselk\u00e4 och i nordost av Maanselk\u00e4 vattendelare. Vuoksens avrinningsomr\u00e5de vid Imatraforsen har en areal p\u00e5 61\u00a0071 km<sup>2<\/sup> och en sj\u00f6procent p\u00e5 20,0 procent. Av avrinningsomr\u00e5det ligger cirka 8\u00a0900 km<sup>2<\/sup> p\u00e5 den ryska sidan: Pielisstr\u00e5tens \u00f6vre lopp i Lieksanjoki samt Koitajokis k\u00e4llomr\u00e5den. Centralsj\u00f6n i avrinningsomr\u00e5det \u00e4r Saimen, som rinner via Vuoksen till Ladoga och d\u00e4rifr\u00e5n vidare till Finska viken.<\/p>\n","protected":false},"excerpt":{"rendered":"<p>Vuoksens avrinningsomr\u00e5de Vuoksens vattensystem har det st\u00f6rsta avrinningsomr\u00e5det i v\u00e5rt land. Det str\u00e4cker sig \u00f6ver landskapen Kymmenedalen, S\u00f6dra Karelen, S\u00f6dra Savolax, Norra Karelen, Norra Savolax, Kajanaland och Norra \u00d6sterbotten. Vattensystemet avgr\u00e4nsas i v\u00e4st av Savonselk\u00e4, i nordv\u00e4st av Suomenselk\u00e4 och i nordost av Maanselk\u00e4 vattendelare. Vuoksens avrinningsomr\u00e5de vid Imatraforsen har en areal p\u00e5 61\u00a0071 km2 [&hellip;]<\/p>\n","protected":false},"author":1,"featured_media":15864,"parent":0,"menu_order":16,"comment_status":"closed","ping_status":"closed","template":"teemasivu-saannostely-alasivu.php","meta":{"_acf_changed":false,"footnotes":""},"wf_page_folders":[843],"class_list":["post-15853","page","type-page","status-publish","has-post-thumbnail","hentry"],"acf":[],"aioseo_notices":[],"_links":{"self":[{"href":"https:\/\/www.vesi.fi\/sv\/wp-json\/wp\/v2\/pages\/15853","targetHints":{"allow":["GET"]}}],"collection":[{"href":"https:\/\/www.vesi.fi\/sv\/wp-json\/wp\/v2\/pages"}],"about":[{"href":"https:\/\/www.vesi.fi\/sv\/wp-json\/wp\/v2\/types\/page"}],"author":[{"embeddable":true,"href":"https:\/\/www.vesi.fi\/sv\/wp-json\/wp\/v2\/users\/1"}],"replies":[{"embeddable":true,"href":"https:\/\/www.vesi.fi\/sv\/wp-json\/wp\/v2\/comments?post=15853"}],"version-history":[{"count":6,"href":"https:\/\/www.vesi.fi\/sv\/wp-json\/wp\/v2\/pages\/15853\/revisions"}],"predecessor-version":[{"id":16530,"href":"https:\/\/www.vesi.fi\/sv\/wp-json\/wp\/v2\/pages\/15853\/revisions\/16530"}],"wp:featuredmedia":[{"embeddable":true,"href":"https:\/\/www.vesi.fi\/sv\/wp-json\/wp\/v2\/media\/15864"}],"wp:attachment":[{"href":"https:\/\/www.vesi.fi\/sv\/wp-json\/wp\/v2\/media?parent=15853"}],"wp:term":[{"taxonomy":"wf_page_folders","embeddable":true,"href":"https:\/\/www.vesi.fi\/sv\/wp-json\/wp\/v2\/wf_page_folders?post=15853"}],"curies":[{"name":"wp","href":"https:\/\/api.w.org\/{rel}","templated":true}]}}