{"id":15849,"date":"2022-08-22T08:34:27","date_gmt":"2022-08-22T05:34:27","guid":{"rendered":"https:\/\/www.vesi.fi\/sv\/?page_id=15849"},"modified":"2026-04-09T13:24:27","modified_gmt":"2026-04-09T10:24:27","slug":"reglering-av-kymmene-alvs-avrinningsomrade","status":"publish","type":"page","link":"https:\/\/www.vesi.fi\/sv\/reglering-av-kymmene-alvs-avrinningsomrade\/","title":{"rendered":"Reglering av Kymmene \u00e4lvs avrinningsomr\u00e5de"},"content":{"rendered":"<h2>Kymmene \u00e4lvs avrinningsomr\u00e5de<\/h2>\n<p>Kymmene \u00e4lvs avrinningsomr\u00e5de \u00e4r Finlands till ytan fj\u00e4rde st\u00f6rsta avrinningsomr\u00e5de (37\u00a0159 km<sup>2<\/sup>) och det t\u00e4cker cirka 11 procent av hela Finlands yta. Avrinningsomr\u00e5det ligger till stor del i landskapen Kymmenedalen, P\u00e4ij\u00e4nne-Tavastland, S\u00f6dra Savolax, Mellersta Finland och Norra Savolax.<\/p>\n<p>Utm\u00e4rkande f\u00f6r avrinningsomr\u00e5det \u00e4r att andelen sj\u00f6ar \u00e4r stor. Sj\u00f6arnas areal \u00e4r totalt 7\u00a0100 km<sup>2<\/sup>, vilket utg\u00f6r 18,3 procent av hela Kymmene \u00e4lvs avrinningsomr\u00e5de. Huvudsj\u00f6n i avrinningsomr\u00e5det \u00e4r P\u00e4ij\u00e4nne, vars utlopps\u00e4lv Kymmene \u00e4lv mynnar ut i Finska viken.<\/p>\n","protected":false},"excerpt":{"rendered":"<p>Kymmene \u00e4lvs avrinningsomr\u00e5de Kymmene \u00e4lvs avrinningsomr\u00e5de \u00e4r Finlands till ytan fj\u00e4rde st\u00f6rsta avrinningsomr\u00e5de (37\u00a0159 km2) och det t\u00e4cker cirka 11 procent av hela Finlands yta. Avrinningsomr\u00e5det ligger till stor del i landskapen Kymmenedalen, P\u00e4ij\u00e4nne-Tavastland, S\u00f6dra Savolax, Mellersta Finland och Norra Savolax. Utm\u00e4rkande f\u00f6r avrinningsomr\u00e5det \u00e4r att andelen sj\u00f6ar \u00e4r stor. Sj\u00f6arnas areal \u00e4r totalt 7\u00a0100 [&hellip;]<\/p>\n","protected":false},"author":1,"featured_media":15866,"parent":0,"menu_order":14,"comment_status":"closed","ping_status":"closed","template":"teemasivu-saannostely-alasivu.php","meta":{"_acf_changed":false,"footnotes":""},"wf_page_folders":[843],"class_list":["post-15849","page","type-page","status-publish","has-post-thumbnail","hentry"],"acf":[],"aioseo_notices":[],"_links":{"self":[{"href":"https:\/\/www.vesi.fi\/sv\/wp-json\/wp\/v2\/pages\/15849","targetHints":{"allow":["GET"]}}],"collection":[{"href":"https:\/\/www.vesi.fi\/sv\/wp-json\/wp\/v2\/pages"}],"about":[{"href":"https:\/\/www.vesi.fi\/sv\/wp-json\/wp\/v2\/types\/page"}],"author":[{"embeddable":true,"href":"https:\/\/www.vesi.fi\/sv\/wp-json\/wp\/v2\/users\/1"}],"replies":[{"embeddable":true,"href":"https:\/\/www.vesi.fi\/sv\/wp-json\/wp\/v2\/comments?post=15849"}],"version-history":[{"count":6,"href":"https:\/\/www.vesi.fi\/sv\/wp-json\/wp\/v2\/pages\/15849\/revisions"}],"predecessor-version":[{"id":38680,"href":"https:\/\/www.vesi.fi\/sv\/wp-json\/wp\/v2\/pages\/15849\/revisions\/38680"}],"wp:featuredmedia":[{"embeddable":true,"href":"https:\/\/www.vesi.fi\/sv\/wp-json\/wp\/v2\/media\/15866"}],"wp:attachment":[{"href":"https:\/\/www.vesi.fi\/sv\/wp-json\/wp\/v2\/media?parent=15849"}],"wp:term":[{"taxonomy":"wf_page_folders","embeddable":true,"href":"https:\/\/www.vesi.fi\/sv\/wp-json\/wp\/v2\/wf_page_folders?post=15849"}],"curies":[{"name":"wp","href":"https:\/\/api.w.org\/{rel}","templated":true}]}}