{"id":15847,"date":"2022-06-10T15:02:43","date_gmt":"2022-06-10T12:02:43","guid":{"rendered":"https:\/\/www.vesi.fi\/sv\/?page_id=15847"},"modified":"2022-08-22T08:33:33","modified_gmt":"2022-08-22T05:33:33","slug":"reglering-av-janisjoki-avrinningsomrade","status":"publish","type":"page","link":"https:\/\/www.vesi.fi\/sv\/reglering-av-janisjoki-avrinningsomrade\/","title":{"rendered":"Reglering av J\u00e4nisjoki avrinningsomr\u00e5de"},"content":{"rendered":"<h2>J\u00e4nisjoki avrinningsomr\u00e5de<\/h2>\n<p>Avrinningsomr\u00e5dets centralsj\u00f6 p\u00e5 den finska sidan \u00e4r Melakko-Loitimo (areal 14,7 km<sup>2<\/sup>). J\u00e4nisjokis nedre lopp, det vill s\u00e4ga sj\u00e4lva J\u00e4nisjoki, rinner upp vid utloppet fr\u00e5n Melakkoj\u00e4rvi d\u00e4r Ruskeakoski kraftverk ligger. Melakkoj\u00e4rvi har samma vattenst\u00e5nd som Loitimo. J\u00e4nisjokis l\u00e4ngd fr\u00e5n Ruskeakoski kraftverk till ryska gr\u00e4nsen \u00e4r cirka 50 kilometer inklusive den \u00e4lvliknande sj\u00f6n Tanikkaj\u00e4rvi. J\u00e4nisjoki mynnar ut i J\u00e4nisj\u00e4rvi p\u00e5 den ryska sidan och rinner d\u00e4rifr\u00e5n vidare som L\u00e4skel\u00e4njoki till Ladoga. J\u00e4nisjoki avrinningsomr\u00e5de har en total areal p\u00e5 knappt 4\u00a0000 km<sup>2<\/sup> varav cirka 2\u00a0000 km<sup>2<\/sup>. ligger p\u00e5 den finska sidan. Vid riksgr\u00e4nsen i V\u00e4rtsil\u00e4 har J\u00e4nisjoki avrinningsomr\u00e5de en sj\u00f6procent p\u00e5 6 procent.<\/p>\n<p>I J\u00e4nisjoki finns det fyra kraftverk: Ruskeakoski, Vihtakoski, Saario och V\u00e4\u00e4r\u00e4koski. \u00c4lven \u00e4r n\u00e4stan helt avtrappad med undantag av forsar med l\u00e5g fallh\u00f6jd nedanf\u00f6r Ruskeakoski (Peltokoski), nedanf\u00f6r Vihtakoski (Kattilakoski) och nedanf\u00f6r V\u00e4\u00e4r\u00e4koski (Patsolankoski). J\u00e4nisjokis fallh\u00f6jd fr\u00e5n Melakko-Loitimo till riksgr\u00e4nsen \u00e4r totalt cirka 45 meter. Kraftverkens sammanlagda fallh\u00f6jd \u00e4r 42,3 meter. I J\u00e4nisjoki finns inga forsar p\u00e5 den knappt tio kilometer l\u00e5ng str\u00e4ckan mellan riksgr\u00e4nsen och J\u00e4nisj\u00e4rvi.<\/p>\n<p>Det f\u00f6rsta kraftverket i J\u00e4nisjoki byggdes 1908 och det sista 1957. Kraftverken producerar i genomsnitt cirka 37 GWh energi \u00e5rligen och den totala effekten cirka 8 MW. Kraftverkens maximala anv\u00e4ndbara vattenf\u00f6ring varierar: de minsta \u00e4r 21 m<sup>3<\/sup>\/s i Ruskeakoski och Vihtakoski, de st\u00f6rsta 29 m<sup>3<\/sup>\/s i Saario och V\u00e4\u00e4r\u00e4koski. Ruskeakoski kraftverk har den st\u00f6rsta fallh\u00f6jden, 20 meter.<\/p>\n","protected":false},"excerpt":{"rendered":"<p>J\u00e4nisjoki avrinningsomr\u00e5de Avrinningsomr\u00e5dets centralsj\u00f6 p\u00e5 den finska sidan \u00e4r Melakko-Loitimo (areal 14,7 km2). J\u00e4nisjokis nedre lopp, det vill s\u00e4ga sj\u00e4lva J\u00e4nisjoki, rinner upp vid utloppet fr\u00e5n Melakkoj\u00e4rvi d\u00e4r Ruskeakoski kraftverk ligger. Melakkoj\u00e4rvi har samma vattenst\u00e5nd som Loitimo. J\u00e4nisjokis l\u00e4ngd fr\u00e5n Ruskeakoski kraftverk till ryska gr\u00e4nsen \u00e4r cirka 50 kilometer inklusive den \u00e4lvliknande sj\u00f6n Tanikkaj\u00e4rvi. J\u00e4nisjoki [&hellip;]<\/p>\n","protected":false},"author":1,"featured_media":15867,"parent":0,"menu_order":13,"comment_status":"closed","ping_status":"closed","template":"teemasivu-saannostely-alasivu.php","meta":{"_acf_changed":false,"footnotes":""},"wf_page_folders":[843],"class_list":["post-15847","page","type-page","status-publish","has-post-thumbnail","hentry"],"acf":[],"aioseo_notices":[],"_links":{"self":[{"href":"https:\/\/www.vesi.fi\/sv\/wp-json\/wp\/v2\/pages\/15847","targetHints":{"allow":["GET"]}}],"collection":[{"href":"https:\/\/www.vesi.fi\/sv\/wp-json\/wp\/v2\/pages"}],"about":[{"href":"https:\/\/www.vesi.fi\/sv\/wp-json\/wp\/v2\/types\/page"}],"author":[{"embeddable":true,"href":"https:\/\/www.vesi.fi\/sv\/wp-json\/wp\/v2\/users\/1"}],"replies":[{"embeddable":true,"href":"https:\/\/www.vesi.fi\/sv\/wp-json\/wp\/v2\/comments?post=15847"}],"version-history":[{"count":8,"href":"https:\/\/www.vesi.fi\/sv\/wp-json\/wp\/v2\/pages\/15847\/revisions"}],"predecessor-version":[{"id":16631,"href":"https:\/\/www.vesi.fi\/sv\/wp-json\/wp\/v2\/pages\/15847\/revisions\/16631"}],"wp:featuredmedia":[{"embeddable":true,"href":"https:\/\/www.vesi.fi\/sv\/wp-json\/wp\/v2\/media\/15867"}],"wp:attachment":[{"href":"https:\/\/www.vesi.fi\/sv\/wp-json\/wp\/v2\/media?parent=15847"}],"wp:term":[{"taxonomy":"wf_page_folders","embeddable":true,"href":"https:\/\/www.vesi.fi\/sv\/wp-json\/wp\/v2\/wf_page_folders?post=15847"}],"curies":[{"name":"wp","href":"https:\/\/api.w.org\/{rel}","templated":true}]}}