{"id":15845,"date":"2022-06-10T15:13:05","date_gmt":"2022-06-10T12:13:05","guid":{"rendered":"https:\/\/www.vesi.fi\/sv\/?page_id=15845"},"modified":"2022-08-22T08:32:11","modified_gmt":"2022-08-22T05:32:11","slug":"reglering-av-kiteenjoki-tohmajoki-avrinningsomrade","status":"publish","type":"page","link":"https:\/\/www.vesi.fi\/sv\/reglering-av-kiteenjoki-tohmajoki-avrinningsomrade\/","title":{"rendered":"Reglering av Kiteenjoki-Tohmajoki avrinningsomr\u00e5de"},"content":{"rendered":"<h2>Kiteenjoki-Tohmajoki avrinningsomr\u00e5de<\/h2>\n<p>Kiteenjoki-Tohmajoki avrinningsomr\u00e5de ligger i kommunerna Tohmaj\u00e4rvi och Kides i Mellersta Karelen. Avrinningsomr\u00e5det har en total areal p\u00e5 cirka 1\u00a0700 km<sup>2<\/sup>, varav cirka 700 km<sup>2<\/sup> ligger p\u00e5 den finska sidan. Kiteenjoki och Tohmajoki flyter samman och mynnar ut i Ladoga vid Sordavala p\u00e5 den ryska sidan.<\/p>\n","protected":false},"excerpt":{"rendered":"<p>Kiteenjoki-Tohmajoki avrinningsomr\u00e5de Kiteenjoki-Tohmajoki avrinningsomr\u00e5de ligger i kommunerna Tohmaj\u00e4rvi och Kides i Mellersta Karelen. Avrinningsomr\u00e5det har en total areal p\u00e5 cirka 1\u00a0700 km2, varav cirka 700 km2 ligger p\u00e5 den finska sidan. Kiteenjoki och Tohmajoki flyter samman och mynnar ut i Ladoga vid Sordavala p\u00e5 den ryska sidan.<\/p>\n","protected":false},"author":1,"featured_media":15868,"parent":0,"menu_order":12,"comment_status":"closed","ping_status":"closed","template":"teemasivu-saannostely-alasivu.php","meta":{"_acf_changed":false,"footnotes":""},"wf_page_folders":[843],"class_list":["post-15845","page","type-page","status-publish","has-post-thumbnail","hentry"],"acf":[],"aioseo_notices":[],"_links":{"self":[{"href":"https:\/\/www.vesi.fi\/sv\/wp-json\/wp\/v2\/pages\/15845","targetHints":{"allow":["GET"]}}],"collection":[{"href":"https:\/\/www.vesi.fi\/sv\/wp-json\/wp\/v2\/pages"}],"about":[{"href":"https:\/\/www.vesi.fi\/sv\/wp-json\/wp\/v2\/types\/page"}],"author":[{"embeddable":true,"href":"https:\/\/www.vesi.fi\/sv\/wp-json\/wp\/v2\/users\/1"}],"replies":[{"embeddable":true,"href":"https:\/\/www.vesi.fi\/sv\/wp-json\/wp\/v2\/comments?post=15845"}],"version-history":[{"count":6,"href":"https:\/\/www.vesi.fi\/sv\/wp-json\/wp\/v2\/pages\/15845\/revisions"}],"predecessor-version":[{"id":16526,"href":"https:\/\/www.vesi.fi\/sv\/wp-json\/wp\/v2\/pages\/15845\/revisions\/16526"}],"wp:featuredmedia":[{"embeddable":true,"href":"https:\/\/www.vesi.fi\/sv\/wp-json\/wp\/v2\/media\/15868"}],"wp:attachment":[{"href":"https:\/\/www.vesi.fi\/sv\/wp-json\/wp\/v2\/media?parent=15845"}],"wp:term":[{"taxonomy":"wf_page_folders","embeddable":true,"href":"https:\/\/www.vesi.fi\/sv\/wp-json\/wp\/v2\/wf_page_folders?post=15845"}],"curies":[{"name":"wp","href":"https:\/\/api.w.org\/{rel}","templated":true}]}}