{"id":15843,"date":"2022-08-22T08:30:57","date_gmt":"2022-08-22T05:30:57","guid":{"rendered":"https:\/\/www.vesi.fi\/sv\/?page_id=15843"},"modified":"2022-08-22T08:30:57","modified_gmt":"2022-08-22T05:30:57","slug":"reglering-av-kumo-alvs-avrinningsomrade","status":"publish","type":"page","link":"https:\/\/www.vesi.fi\/sv\/reglering-av-kumo-alvs-avrinningsomrade\/","title":{"rendered":"Reglering av Kumo \u00e4lvs avrinningsomr\u00e5de"},"content":{"rendered":"<h2>Kumo \u00e4lvs avrinningsomr\u00e5de<\/h2>\n<p>Kumo \u00e4lvs avrinningsomr\u00e5de \u00e4r det femte st\u00f6rsta i landet och ligger huvudsakligen i Birkaland, Egentliga Tavastland, Satakunta och Mellersta Finland. Vattnet i avrinningsomr\u00e5det rinner ut i Bottenhavet via Kumo \u00e4lv. I avrinningsomr\u00e5dets mellersta del samt i de \u00f6stra och norra delarna finns det m\u00e5nga sj\u00f6ar, medan sj\u00f6arna \u00e4r f\u00e4rre i de v\u00e4stra och s\u00f6dra delarna. Omr\u00e5dets nordligaste vattendrag finns i S\u00f6dra \u00d6sterbotten och de sydligaste i gr\u00e4nstrakten mellan Egentliga Tavastland och Nyland. Av Kumo \u00e4lvs avrinningsomr\u00e5de \u00e4r 11 procent sj\u00f6ar. De st\u00f6rsta sj\u00f6arna ligger i Birkaland.<\/p>\n","protected":false},"excerpt":{"rendered":"<p>Kumo \u00e4lvs avrinningsomr\u00e5de Kumo \u00e4lvs avrinningsomr\u00e5de \u00e4r det femte st\u00f6rsta i landet och ligger huvudsakligen i Birkaland, Egentliga Tavastland, Satakunta och Mellersta Finland. Vattnet i avrinningsomr\u00e5det rinner ut i Bottenhavet via Kumo \u00e4lv. I avrinningsomr\u00e5dets mellersta del samt i de \u00f6stra och norra delarna finns det m\u00e5nga sj\u00f6ar, medan sj\u00f6arna \u00e4r f\u00e4rre i de v\u00e4stra [&hellip;]<\/p>\n","protected":false},"author":1,"featured_media":15869,"parent":0,"menu_order":11,"comment_status":"closed","ping_status":"closed","template":"teemasivu-saannostely-alasivu.php","meta":{"_acf_changed":false,"footnotes":""},"wf_page_folders":[843],"class_list":["post-15843","page","type-page","status-publish","has-post-thumbnail","hentry"],"acf":[],"aioseo_notices":[],"_links":{"self":[{"href":"https:\/\/www.vesi.fi\/sv\/wp-json\/wp\/v2\/pages\/15843","targetHints":{"allow":["GET"]}}],"collection":[{"href":"https:\/\/www.vesi.fi\/sv\/wp-json\/wp\/v2\/pages"}],"about":[{"href":"https:\/\/www.vesi.fi\/sv\/wp-json\/wp\/v2\/types\/page"}],"author":[{"embeddable":true,"href":"https:\/\/www.vesi.fi\/sv\/wp-json\/wp\/v2\/users\/1"}],"replies":[{"embeddable":true,"href":"https:\/\/www.vesi.fi\/sv\/wp-json\/wp\/v2\/comments?post=15843"}],"version-history":[{"count":5,"href":"https:\/\/www.vesi.fi\/sv\/wp-json\/wp\/v2\/pages\/15843\/revisions"}],"predecessor-version":[{"id":16525,"href":"https:\/\/www.vesi.fi\/sv\/wp-json\/wp\/v2\/pages\/15843\/revisions\/16525"}],"wp:featuredmedia":[{"embeddable":true,"href":"https:\/\/www.vesi.fi\/sv\/wp-json\/wp\/v2\/media\/15869"}],"wp:attachment":[{"href":"https:\/\/www.vesi.fi\/sv\/wp-json\/wp\/v2\/media?parent=15843"}],"wp:term":[{"taxonomy":"wf_page_folders","embeddable":true,"href":"https:\/\/www.vesi.fi\/sv\/wp-json\/wp\/v2\/wf_page_folders?post=15843"}],"curies":[{"name":"wp","href":"https:\/\/api.w.org\/{rel}","templated":true}]}}