{"id":15841,"date":"2022-08-22T08:29:49","date_gmt":"2022-08-22T05:29:49","guid":{"rendered":"https:\/\/www.vesi.fi\/sv\/?page_id=15841"},"modified":"2022-08-22T08:29:49","modified_gmt":"2022-08-22T05:29:49","slug":"reglering-av-esse-as-avrinningsomrade","status":"publish","type":"page","link":"https:\/\/www.vesi.fi\/sv\/reglering-av-esse-as-avrinningsomrade\/","title":{"rendered":"Reglering av Esse \u00e5s avrinningsomr\u00e5de"},"content":{"rendered":"<h2>Esse \u00e5s avrinningsomr\u00e5de<\/h2>\n<p>Esse \u00e5s avrinningsomr\u00e5de har en total areal p\u00e5 2\u00a0054 km<sup>2<\/sup>. Sj\u00f6procenten \u00e4r exceptionellt h\u00f6g f\u00f6r \u00d6sterbotten, 9,8 procent. Esse \u00e5 rinner upp i Alaj\u00e4rvi och Soini kommuner och flyter l\u00e4ngs Kuninkaanjoki och Levijoki till Alaj\u00e4rvi. Fr\u00e5n Alaj\u00e4rvi rinner vattnet l\u00e4ngs Kurejoki vidare till Lappaj\u00e4rvi, som \u00e4r v\u00e4stra Finlands st\u00f6rsta sj\u00f6, och d\u00e4rifr\u00e5n vidare l\u00e4ngs V\u00e4lijoki till Evij\u00e4rvi. I Evij\u00e4rvi b\u00f6rjar en cirka 60 kilometer l\u00e5ng \u00e5str\u00e4cka som mynnar ut i Larsmo-\u00d6jasj\u00f6n, en konstgjord bass\u00e4ng som best\u00e5r av uppd\u00e4mda havsvikar. I Esse \u00e5s vattendrag finns tre reglerade sj\u00f6ar och nio vattenkraftverk.<\/p>\n","protected":false},"excerpt":{"rendered":"<p>Esse \u00e5s avrinningsomr\u00e5de Esse \u00e5s avrinningsomr\u00e5de har en total areal p\u00e5 2\u00a0054 km2. Sj\u00f6procenten \u00e4r exceptionellt h\u00f6g f\u00f6r \u00d6sterbotten, 9,8 procent. Esse \u00e5 rinner upp i Alaj\u00e4rvi och Soini kommuner och flyter l\u00e4ngs Kuninkaanjoki och Levijoki till Alaj\u00e4rvi. Fr\u00e5n Alaj\u00e4rvi rinner vattnet l\u00e4ngs Kurejoki vidare till Lappaj\u00e4rvi, som \u00e4r v\u00e4stra Finlands st\u00f6rsta sj\u00f6, och d\u00e4rifr\u00e5n [&hellip;]<\/p>\n","protected":false},"author":1,"featured_media":15870,"parent":0,"menu_order":10,"comment_status":"closed","ping_status":"closed","template":"teemasivu-saannostely-alasivu.php","meta":{"_acf_changed":false,"footnotes":""},"wf_page_folders":[843],"class_list":["post-15841","page","type-page","status-publish","has-post-thumbnail","hentry"],"acf":[],"aioseo_notices":[],"_links":{"self":[{"href":"https:\/\/www.vesi.fi\/sv\/wp-json\/wp\/v2\/pages\/15841","targetHints":{"allow":["GET"]}}],"collection":[{"href":"https:\/\/www.vesi.fi\/sv\/wp-json\/wp\/v2\/pages"}],"about":[{"href":"https:\/\/www.vesi.fi\/sv\/wp-json\/wp\/v2\/types\/page"}],"author":[{"embeddable":true,"href":"https:\/\/www.vesi.fi\/sv\/wp-json\/wp\/v2\/users\/1"}],"replies":[{"embeddable":true,"href":"https:\/\/www.vesi.fi\/sv\/wp-json\/wp\/v2\/comments?post=15841"}],"version-history":[{"count":7,"href":"https:\/\/www.vesi.fi\/sv\/wp-json\/wp\/v2\/pages\/15841\/revisions"}],"predecessor-version":[{"id":16630,"href":"https:\/\/www.vesi.fi\/sv\/wp-json\/wp\/v2\/pages\/15841\/revisions\/16630"}],"wp:featuredmedia":[{"embeddable":true,"href":"https:\/\/www.vesi.fi\/sv\/wp-json\/wp\/v2\/media\/15870"}],"wp:attachment":[{"href":"https:\/\/www.vesi.fi\/sv\/wp-json\/wp\/v2\/media?parent=15841"}],"wp:term":[{"taxonomy":"wf_page_folders","embeddable":true,"href":"https:\/\/www.vesi.fi\/sv\/wp-json\/wp\/v2\/wf_page_folders?post=15841"}],"curies":[{"name":"wp","href":"https:\/\/api.w.org\/{rel}","templated":true}]}}