{"id":15835,"date":"2022-08-22T08:23:35","date_gmt":"2022-08-22T05:23:35","guid":{"rendered":"https:\/\/www.vesi.fi\/sv\/?page_id=15835"},"modified":"2022-08-22T08:23:35","modified_gmt":"2022-08-22T05:23:35","slug":"reglering-av-perho-as-avrinningsomrade","status":"publish","type":"page","link":"https:\/\/www.vesi.fi\/sv\/reglering-av-perho-as-avrinningsomrade\/","title":{"rendered":"Reglering av Perho \u00e5s avrinningsomr\u00e5de"},"content":{"rendered":"<h2>Perho \u00e5s avrinningsomr\u00e5de<\/h2>\n<p>Perho \u00e5s avrinningsomr\u00e5de har en total areal p\u00e5 2\u00a0524 km<sup>2<\/sup> och en sj\u00f6procent p\u00e5 3,35 procent. Perho \u00e5 rinner upp i sm\u00e5 sj\u00f6ar i gr\u00e4nsomr\u00e5det mellan Perho, Kyyj\u00e4rvi och Kivij\u00e4rvi kommuner. Fr\u00e5n det \u00f6vre loppet flyter \u00e5n genom Perho kommun till Haapaj\u00e4rvi i Vetil. D\u00e4rifr\u00e5n forts\u00e4tter den via Kaustby till sj\u00f6gruppen i den mellersta delen av Perho \u00e5, som ligger i Kronoby kommun. H\u00e4r mynnar \u00e5n ut i Bottenviken i Trull\u00f6fj\u00e4rden norr om Karleby. \u00c5n \u00e4r 160 km l\u00e5ng. De viktigaste bif\u00e5rorna \u00e4r Halsuanjoki, Ullava \u00e5, Venetjoki, K\u00f6yh\u00e4joki och Penninkijoki.<\/p>\n","protected":false},"excerpt":{"rendered":"<p>Perho \u00e5s avrinningsomr\u00e5de Perho \u00e5s avrinningsomr\u00e5de har en total areal p\u00e5 2\u00a0524 km2 och en sj\u00f6procent p\u00e5 3,35 procent. Perho \u00e5 rinner upp i sm\u00e5 sj\u00f6ar i gr\u00e4nsomr\u00e5det mellan Perho, Kyyj\u00e4rvi och Kivij\u00e4rvi kommuner. Fr\u00e5n det \u00f6vre loppet flyter \u00e5n genom Perho kommun till Haapaj\u00e4rvi i Vetil. D\u00e4rifr\u00e5n forts\u00e4tter den via Kaustby till sj\u00f6gruppen i [&hellip;]<\/p>\n","protected":false},"author":1,"featured_media":15873,"parent":0,"menu_order":7,"comment_status":"closed","ping_status":"closed","template":"teemasivu-saannostely-alasivu.php","meta":{"_acf_changed":false,"footnotes":""},"wf_page_folders":[843],"class_list":["post-15835","page","type-page","status-publish","has-post-thumbnail","hentry"],"acf":[],"aioseo_notices":[],"_links":{"self":[{"href":"https:\/\/www.vesi.fi\/sv\/wp-json\/wp\/v2\/pages\/15835","targetHints":{"allow":["GET"]}}],"collection":[{"href":"https:\/\/www.vesi.fi\/sv\/wp-json\/wp\/v2\/pages"}],"about":[{"href":"https:\/\/www.vesi.fi\/sv\/wp-json\/wp\/v2\/types\/page"}],"author":[{"embeddable":true,"href":"https:\/\/www.vesi.fi\/sv\/wp-json\/wp\/v2\/users\/1"}],"replies":[{"embeddable":true,"href":"https:\/\/www.vesi.fi\/sv\/wp-json\/wp\/v2\/comments?post=15835"}],"version-history":[{"count":6,"href":"https:\/\/www.vesi.fi\/sv\/wp-json\/wp\/v2\/pages\/15835\/revisions"}],"predecessor-version":[{"id":16519,"href":"https:\/\/www.vesi.fi\/sv\/wp-json\/wp\/v2\/pages\/15835\/revisions\/16519"}],"wp:featuredmedia":[{"embeddable":true,"href":"https:\/\/www.vesi.fi\/sv\/wp-json\/wp\/v2\/media\/15873"}],"wp:attachment":[{"href":"https:\/\/www.vesi.fi\/sv\/wp-json\/wp\/v2\/media?parent=15835"}],"wp:term":[{"taxonomy":"wf_page_folders","embeddable":true,"href":"https:\/\/www.vesi.fi\/sv\/wp-json\/wp\/v2\/wf_page_folders?post=15835"}],"curies":[{"name":"wp","href":"https:\/\/api.w.org\/{rel}","templated":true}]}}