{"id":15833,"date":"2022-08-22T08:19:48","date_gmt":"2022-08-22T05:19:48","guid":{"rendered":"https:\/\/www.vesi.fi\/sv\/?page_id=15833"},"modified":"2022-08-22T08:19:48","modified_gmt":"2022-08-22T05:19:48","slug":"reglering-av-narpes-as-avrinningsomrade","status":"publish","type":"page","link":"https:\/\/www.vesi.fi\/sv\/reglering-av-narpes-as-avrinningsomrade\/","title":{"rendered":"Reglering av N\u00e4rpes \u00e5s avrinningsomr\u00e5de"},"content":{"rendered":"<h2>N\u00e4rpes \u00e5s avrinningsomr\u00e5de<\/h2>\n<p>N\u00e4rpes \u00e5s avrinningsomr\u00e5de ligger huvudsakligen i N\u00e4rpes, \u00d6stermark och Kurikka kommuner. N\u00e4rpes \u00e5 rinner upp som flera grenar vid gr\u00e4nsen mellan Kurikka och Laihela kommuner. Den egentliga N\u00e4rpes \u00e5 rinner upp i Kivi- och Levalampi konstgjorda sj\u00f6, flyter genom t\u00e4torterna P\u00f6rtom, \u00d6vermark och N\u00e4rpes samt mynnar ut i Bottenhavet nordost om Kask\u00f6 via V\u00e4sterfj\u00e4rdens s\u00f6tvattensbass\u00e4ng. N\u00e4rpes \u00e5s avrinningsomr\u00e5de har en areal p\u00e5 996 km<sup>2<\/sup> och en sj\u00f6procent p\u00e5 1,4 procent, det vill s\u00e4ga det finns n\u00e4stan inga sj\u00f6ar i avrinningsomr\u00e5det. P\u00e5 grund av de f\u00e5 sj\u00f6arna stiger vattenst\u00e5ndet i \u00e4lven i allm\u00e4nhet mycket snabbt vid \u00f6versv\u00e4mningar. N\u00e4rpes \u00e5s totala l\u00e4ngd \u00e4r cirka 75 km och h\u00f6jdskillnaden cirka 80 meter.<\/p>\n<p>N\u00e4rpes \u00e5s avrinningsomr\u00e5de \u00e4r ganska smalt p\u00e5 b\u00e5da sidor om \u00e5n. \u00c5ns viktigaste bif\u00e5ror \u00e4r Kyl\u00e4joki, It\u00e4joki och Moln\u00e5b\u00e4cken. Den st\u00f6rsta bif\u00e5ran \u00e4r It\u00e4joki i \u00d6vermark, som rinner upp i \u00d6stermark. Moln\u00e5b\u00e4cken flyter samman med N\u00e4rpes \u00e5 norr om N\u00e4rpes centrum. Den st\u00f6rsta sj\u00f6n i avrinningsomr\u00e5det \u00e4r Kivi- och Levalampi konstgjorda sj\u00f6, som tidigare utgjordes av tv\u00e5 separata sj\u00f6ar. Andra sj\u00f6ar \u00e4r S\u00e4l\u00e4sj\u00e4rvi samt V\u00e4sterfj\u00e4rdens s\u00f6tvattenbass\u00e4ng i nedre loppet av N\u00e4rpes \u00e5.<\/p>\n","protected":false},"excerpt":{"rendered":"<p>N\u00e4rpes \u00e5s avrinningsomr\u00e5de N\u00e4rpes \u00e5s avrinningsomr\u00e5de ligger huvudsakligen i N\u00e4rpes, \u00d6stermark och Kurikka kommuner. N\u00e4rpes \u00e5 rinner upp som flera grenar vid gr\u00e4nsen mellan Kurikka och Laihela kommuner. Den egentliga N\u00e4rpes \u00e5 rinner upp i Kivi- och Levalampi konstgjorda sj\u00f6, flyter genom t\u00e4torterna P\u00f6rtom, \u00d6vermark och N\u00e4rpes samt mynnar ut i Bottenhavet nordost om Kask\u00f6 [&hellip;]<\/p>\n","protected":false},"author":1,"featured_media":15874,"parent":0,"menu_order":6,"comment_status":"closed","ping_status":"closed","template":"teemasivu-saannostely-alasivu.php","meta":{"_acf_changed":false,"footnotes":""},"wf_page_folders":[843],"class_list":["post-15833","page","type-page","status-publish","has-post-thumbnail","hentry"],"acf":[],"aioseo_notices":[],"_links":{"self":[{"href":"https:\/\/www.vesi.fi\/sv\/wp-json\/wp\/v2\/pages\/15833","targetHints":{"allow":["GET"]}}],"collection":[{"href":"https:\/\/www.vesi.fi\/sv\/wp-json\/wp\/v2\/pages"}],"about":[{"href":"https:\/\/www.vesi.fi\/sv\/wp-json\/wp\/v2\/types\/page"}],"author":[{"embeddable":true,"href":"https:\/\/www.vesi.fi\/sv\/wp-json\/wp\/v2\/users\/1"}],"replies":[{"embeddable":true,"href":"https:\/\/www.vesi.fi\/sv\/wp-json\/wp\/v2\/comments?post=15833"}],"version-history":[{"count":6,"href":"https:\/\/www.vesi.fi\/sv\/wp-json\/wp\/v2\/pages\/15833\/revisions"}],"predecessor-version":[{"id":16518,"href":"https:\/\/www.vesi.fi\/sv\/wp-json\/wp\/v2\/pages\/15833\/revisions\/16518"}],"wp:featuredmedia":[{"embeddable":true,"href":"https:\/\/www.vesi.fi\/sv\/wp-json\/wp\/v2\/media\/15874"}],"wp:attachment":[{"href":"https:\/\/www.vesi.fi\/sv\/wp-json\/wp\/v2\/media?parent=15833"}],"wp:term":[{"taxonomy":"wf_page_folders","embeddable":true,"href":"https:\/\/www.vesi.fi\/sv\/wp-json\/wp\/v2\/wf_page_folders?post=15833"}],"curies":[{"name":"wp","href":"https:\/\/api.w.org\/{rel}","templated":true}]}}