{"id":14499,"date":"2021-12-13T11:21:43","date_gmt":"2021-12-13T09:21:43","guid":{"rendered":"https:\/\/www.vesi.fi\/sv\/?page_id=14499"},"modified":"2025-01-07T15:27:50","modified_gmt":"2025-01-07T13:27:50","slug":"hantering-av-oversvamningsrisker","status":"publish","type":"page","link":"https:\/\/www.vesi.fi\/sv\/hantering-av-oversvamningsrisker\/","title":{"rendered":"Hantering av \u00f6versv\u00e4mningsrisker"},"content":{"rendered":"","protected":false},"excerpt":{"rendered":"<p>Syftet med hanteringen av \u00f6versv\u00e4mningsrisker \u00e4r att bed\u00f6ma och minska riskerna f\u00f6r \u00f6versv\u00e4mning samt hindra eller minska de skador som \u00f6versv\u00e4mningarna orsakar. Till hanteringen h\u00f6r att g\u00f6ra en prelimin\u00e4r bed\u00f6mning av \u00f6versv\u00e4mningsriskerna, utarbeta kartor \u00f6ver \u00f6versv\u00e4mningshotade omr\u00e5den och kartor \u00f6ver \u00f6versv\u00e4mningsrisker samt g\u00f6ra upp en plan f\u00f6r hanteringen av \u00f6versv\u00e4mningsrisker.<\/p>\n","protected":false},"author":1,"featured_media":14527,"parent":0,"menu_order":20,"comment_status":"closed","ping_status":"closed","template":"tulvariskien-etusivu.php","meta":{"_acf_changed":false,"footnotes":""},"wf_page_folders":[813],"class_list":["post-14499","page","type-page","status-publish","has-post-thumbnail","hentry"],"acf":[],"aioseo_notices":[],"_links":{"self":[{"href":"https:\/\/www.vesi.fi\/sv\/wp-json\/wp\/v2\/pages\/14499","targetHints":{"allow":["GET"]}}],"collection":[{"href":"https:\/\/www.vesi.fi\/sv\/wp-json\/wp\/v2\/pages"}],"about":[{"href":"https:\/\/www.vesi.fi\/sv\/wp-json\/wp\/v2\/types\/page"}],"author":[{"embeddable":true,"href":"https:\/\/www.vesi.fi\/sv\/wp-json\/wp\/v2\/users\/1"}],"replies":[{"embeddable":true,"href":"https:\/\/www.vesi.fi\/sv\/wp-json\/wp\/v2\/comments?post=14499"}],"version-history":[{"count":50,"href":"https:\/\/www.vesi.fi\/sv\/wp-json\/wp\/v2\/pages\/14499\/revisions"}],"predecessor-version":[{"id":36107,"href":"https:\/\/www.vesi.fi\/sv\/wp-json\/wp\/v2\/pages\/14499\/revisions\/36107"}],"wp:featuredmedia":[{"embeddable":true,"href":"https:\/\/www.vesi.fi\/sv\/wp-json\/wp\/v2\/media\/14527"}],"wp:attachment":[{"href":"https:\/\/www.vesi.fi\/sv\/wp-json\/wp\/v2\/media?parent=14499"}],"wp:term":[{"taxonomy":"wf_page_folders","embeddable":true,"href":"https:\/\/www.vesi.fi\/sv\/wp-json\/wp\/v2\/wf_page_folders?post=14499"}],"curies":[{"name":"wp","href":"https:\/\/api.w.org\/{rel}","templated":true}]}}