{"id":14428,"date":"2021-12-10T13:25:26","date_gmt":"2021-12-10T11:25:26","guid":{"rendered":"https:\/\/www.dadvertising.fi\/vesifi_uusidemo\/?page_id=14428"},"modified":"2022-09-01T14:26:36","modified_gmt":"2022-09-01T11:26:36","slug":"oversvamningsgruppen-for-kymmene-alvs-avrinningsomrade","status":"publish","type":"page","link":"https:\/\/www.vesi.fi\/sv\/oversvamningsgruppen-for-kymmene-alvs-avrinningsomrade\/","title":{"rendered":"\u00d6versv\u00e4mningsgruppen f\u00f6r Kymmene \u00e4lvs avrinningsomr\u00e5de"},"content":{"rendered":"","protected":false},"excerpt":{"rendered":"<p>\u00d6versv\u00e4mningsgruppens uppgift \u00e4r att koordinera planeringen av hanteringen av omr\u00e5dets \u00f6versv\u00e4mningsrisker. Gruppen best\u00e5r av representanter f\u00f6r regionens NTM-centraler, landskapsf\u00f6rbunden, kommunerna och r\u00e4ddningsverken.<\/p>\n","protected":false},"author":68,"featured_media":14062,"parent":0,"menu_order":96,"comment_status":"closed","ping_status":"closed","template":"tulvaryhman-aluesivu.php","meta":{"_acf_changed":false,"footnotes":""},"wf_page_folders":[818],"class_list":["post-14428","page","type-page","status-publish","has-post-thumbnail","hentry"],"acf":[],"aioseo_notices":[],"_links":{"self":[{"href":"https:\/\/www.vesi.fi\/sv\/wp-json\/wp\/v2\/pages\/14428","targetHints":{"allow":["GET"]}}],"collection":[{"href":"https:\/\/www.vesi.fi\/sv\/wp-json\/wp\/v2\/pages"}],"about":[{"href":"https:\/\/www.vesi.fi\/sv\/wp-json\/wp\/v2\/types\/page"}],"author":[{"embeddable":true,"href":"https:\/\/www.vesi.fi\/sv\/wp-json\/wp\/v2\/users\/68"}],"replies":[{"embeddable":true,"href":"https:\/\/www.vesi.fi\/sv\/wp-json\/wp\/v2\/comments?post=14428"}],"version-history":[{"count":5,"href":"https:\/\/www.vesi.fi\/sv\/wp-json\/wp\/v2\/pages\/14428\/revisions"}],"predecessor-version":[{"id":16830,"href":"https:\/\/www.vesi.fi\/sv\/wp-json\/wp\/v2\/pages\/14428\/revisions\/16830"}],"wp:featuredmedia":[{"embeddable":true,"href":"https:\/\/www.vesi.fi\/sv\/wp-json\/"}],"wp:attachment":[{"href":"https:\/\/www.vesi.fi\/sv\/wp-json\/wp\/v2\/media?parent=14428"}],"wp:term":[{"taxonomy":"wf_page_folders","embeddable":true,"href":"https:\/\/www.vesi.fi\/sv\/wp-json\/wp\/v2\/wf_page_folders?post=14428"}],"curies":[{"name":"wp","href":"https:\/\/api.w.org\/{rel}","templated":true}]}}