{"id":14398,"date":"2021-12-10T09:59:29","date_gmt":"2021-12-10T07:59:29","guid":{"rendered":"https:\/\/www.dadvertising.fi\/vesifi_uusidemo\/?page_id=14398"},"modified":"2026-01-14T13:50:21","modified_gmt":"2026-01-14T11:50:21","slug":"oversvamningsgruppen-for-lappfjards-as-avrinningsomrade","status":"publish","type":"page","link":"https:\/\/www.vesi.fi\/sv\/oversvamningsgruppen-for-lappfjards-as-avrinningsomrade\/","title":{"rendered":"\u00d6versv\u00e4mningsgruppen f\u00f6r Lappfj\u00e4rds \u00e5s avrinningsomr\u00e5de"},"content":{"rendered":"<p>\u00d6versv\u00e4mningsgruppens uppgift \u00e4r att koordinera planeringen av hanteringen av omr\u00e5dets \u00f6versv\u00e4mningsrisker. Gruppen best\u00e5r av representanter f\u00f6r regionens NTM-centraler, landskapsf\u00f6rbunden, kommunerna och r\u00e4ddningsverken.<\/p>\n","protected":false},"excerpt":{"rendered":"<p>\u00d6versv\u00e4mningsgruppens uppgift \u00e4r att koordinera planeringen av hanteringen av omr\u00e5dets \u00f6versv\u00e4mningsrisker. Gruppen best\u00e5r av representanter f\u00f6r regionens NTM-centraler, landskapsf\u00f6rbunden, kommunerna och r\u00e4ddningsverken.<\/p>\n","protected":false},"author":68,"featured_media":14574,"parent":0,"menu_order":82,"comment_status":"closed","ping_status":"closed","template":"tulvaryhman-aluesivu.php","meta":{"_acf_changed":false,"footnotes":""},"wf_page_folders":[814],"class_list":["post-14398","page","type-page","status-publish","has-post-thumbnail","hentry"],"acf":[],"aioseo_notices":[],"_links":{"self":[{"href":"https:\/\/www.vesi.fi\/sv\/wp-json\/wp\/v2\/pages\/14398","targetHints":{"allow":["GET"]}}],"collection":[{"href":"https:\/\/www.vesi.fi\/sv\/wp-json\/wp\/v2\/pages"}],"about":[{"href":"https:\/\/www.vesi.fi\/sv\/wp-json\/wp\/v2\/types\/page"}],"author":[{"embeddable":true,"href":"https:\/\/www.vesi.fi\/sv\/wp-json\/wp\/v2\/users\/68"}],"replies":[{"embeddable":true,"href":"https:\/\/www.vesi.fi\/sv\/wp-json\/wp\/v2\/comments?post=14398"}],"version-history":[{"count":7,"href":"https:\/\/www.vesi.fi\/sv\/wp-json\/wp\/v2\/pages\/14398\/revisions"}],"predecessor-version":[{"id":38261,"href":"https:\/\/www.vesi.fi\/sv\/wp-json\/wp\/v2\/pages\/14398\/revisions\/38261"}],"wp:featuredmedia":[{"embeddable":true,"href":"https:\/\/www.vesi.fi\/sv\/wp-json\/wp\/v2\/media\/14574"}],"wp:attachment":[{"href":"https:\/\/www.vesi.fi\/sv\/wp-json\/wp\/v2\/media?parent=14398"}],"wp:term":[{"taxonomy":"wf_page_folders","embeddable":true,"href":"https:\/\/www.vesi.fi\/sv\/wp-json\/wp\/v2\/wf_page_folders?post=14398"}],"curies":[{"name":"wp","href":"https:\/\/api.w.org\/{rel}","templated":true}]}}