{"id":14293,"date":"2021-12-10T09:43:21","date_gmt":"2021-12-10T07:43:21","guid":{"rendered":"https:\/\/www.dadvertising.fi\/vesifi_uusidemo\/?page_id=14293"},"modified":"2024-03-04T15:23:39","modified_gmt":"2024-03-04T13:23:39","slug":"oversvamningsgruppen-for-lappo-as-avrinningsomrade","status":"publish","type":"page","link":"https:\/\/www.vesi.fi\/sv\/oversvamningsgruppen-for-lappo-as-avrinningsomrade\/","title":{"rendered":"\u00d6versv\u00e4mningsgruppen f\u00f6r Lappo \u00e5s avrinningsomr\u00e5de"},"content":{"rendered":"","protected":false},"excerpt":{"rendered":"<p>\u00d6versv\u00e4mningsgruppens uppgift \u00e4r att koordinera planeringen av hanteringen av omr\u00e5dets \u00f6versv\u00e4mningsrisker. Gruppen best\u00e5r av representanter f\u00f6r regionens NTM-centraler, landskapsf\u00f6rbunden, kommunerna och r\u00e4ddningsverken.<\/p>\n","protected":false},"author":68,"featured_media":14573,"parent":0,"menu_order":78,"comment_status":"closed","ping_status":"closed","template":"tulvaryhman-aluesivu.php","meta":{"_acf_changed":false,"footnotes":""},"wf_page_folders":[814],"class_list":["post-14293","page","type-page","status-publish","has-post-thumbnail","hentry"],"acf":[],"aioseo_notices":[],"_links":{"self":[{"href":"https:\/\/www.vesi.fi\/sv\/wp-json\/wp\/v2\/pages\/14293","targetHints":{"allow":["GET"]}}],"collection":[{"href":"https:\/\/www.vesi.fi\/sv\/wp-json\/wp\/v2\/pages"}],"about":[{"href":"https:\/\/www.vesi.fi\/sv\/wp-json\/wp\/v2\/types\/page"}],"author":[{"embeddable":true,"href":"https:\/\/www.vesi.fi\/sv\/wp-json\/wp\/v2\/users\/68"}],"replies":[{"embeddable":true,"href":"https:\/\/www.vesi.fi\/sv\/wp-json\/wp\/v2\/comments?post=14293"}],"version-history":[{"count":6,"href":"https:\/\/www.vesi.fi\/sv\/wp-json\/wp\/v2\/pages\/14293\/revisions"}],"predecessor-version":[{"id":20562,"href":"https:\/\/www.vesi.fi\/sv\/wp-json\/wp\/v2\/pages\/14293\/revisions\/20562"}],"wp:featuredmedia":[{"embeddable":true,"href":"https:\/\/www.vesi.fi\/sv\/wp-json\/wp\/v2\/media\/14573"}],"wp:attachment":[{"href":"https:\/\/www.vesi.fi\/sv\/wp-json\/wp\/v2\/media?parent=14293"}],"wp:term":[{"taxonomy":"wf_page_folders","embeddable":true,"href":"https:\/\/www.vesi.fi\/sv\/wp-json\/wp\/v2\/wf_page_folders?post=14293"}],"curies":[{"name":"wp","href":"https:\/\/api.w.org\/{rel}","templated":true}]}}