{"id":14263,"date":"2021-12-03T14:14:16","date_gmt":"2021-12-03T12:14:16","guid":{"rendered":"https:\/\/www.dadvertising.fi\/vesifi_uusidemo\/?page_id=14263"},"modified":"2022-09-01T14:29:32","modified_gmt":"2022-09-01T11:29:32","slug":"plan-for-hantering-av-oversvamningsrisker-i-helsingfors-och-esbo-kustomrade","status":"publish","type":"page","link":"https:\/\/www.vesi.fi\/sv\/plan-for-hantering-av-oversvamningsrisker-i-helsingfors-och-esbo-kustomrade\/","title":{"rendered":"Plan f\u00f6r hantering av \u00f6versv\u00e4mningsrisker i Helsingfors och Esbo kustomr\u00e5de"},"content":{"rendered":"","protected":false},"excerpt":{"rendered":"<p>En plan f\u00f6r hantering av \u00f6versv\u00e4mningsrisker utarbetas f\u00f6r avrinnings- eller kustomr\u00e5den med ett eller flera omr\u00e5den med betydande \u00f6versv\u00e4mningsrisk. I planen presenteras m\u00e5len f\u00f6r hanteringen av \u00f6versv\u00e4mningsriskerna i omr\u00e5det i fr\u00e5ga samt vilka \u00e5tg\u00e4rder som vidtas f\u00f6r att f\u00f6rs\u00f6ka n\u00e5 m\u00e5len.<\/p>\n","protected":false},"author":68,"featured_media":14145,"parent":0,"menu_order":29,"comment_status":"closed","ping_status":"closed","template":"tulvariskien-hallintasuunnitelmat.php","meta":{"_acf_changed":false,"footnotes":""},"wf_page_folders":[825],"class_list":["post-14263","page","type-page","status-publish","has-post-thumbnail","hentry"],"acf":[],"aioseo_notices":[],"_links":{"self":[{"href":"https:\/\/www.vesi.fi\/sv\/wp-json\/wp\/v2\/pages\/14263","targetHints":{"allow":["GET"]}}],"collection":[{"href":"https:\/\/www.vesi.fi\/sv\/wp-json\/wp\/v2\/pages"}],"about":[{"href":"https:\/\/www.vesi.fi\/sv\/wp-json\/wp\/v2\/types\/page"}],"author":[{"embeddable":true,"href":"https:\/\/www.vesi.fi\/sv\/wp-json\/wp\/v2\/users\/68"}],"replies":[{"embeddable":true,"href":"https:\/\/www.vesi.fi\/sv\/wp-json\/wp\/v2\/comments?post=14263"}],"version-history":[{"count":11,"href":"https:\/\/www.vesi.fi\/sv\/wp-json\/wp\/v2\/pages\/14263\/revisions"}],"predecessor-version":[{"id":16832,"href":"https:\/\/www.vesi.fi\/sv\/wp-json\/wp\/v2\/pages\/14263\/revisions\/16832"}],"wp:featuredmedia":[{"embeddable":true,"href":"https:\/\/www.vesi.fi\/sv\/wp-json\/"}],"wp:attachment":[{"href":"https:\/\/www.vesi.fi\/sv\/wp-json\/wp\/v2\/media?parent=14263"}],"wp:term":[{"taxonomy":"wf_page_folders","embeddable":true,"href":"https:\/\/www.vesi.fi\/sv\/wp-json\/wp\/v2\/wf_page_folders?post=14263"}],"curies":[{"name":"wp","href":"https:\/\/api.w.org\/{rel}","templated":true}]}}