{"id":14260,"date":"2021-12-03T14:04:50","date_gmt":"2021-12-03T12:04:50","guid":{"rendered":"https:\/\/www.dadvertising.fi\/vesifi_uusidemo\/?page_id=14260"},"modified":"2025-01-07T14:39:09","modified_gmt":"2025-01-07T12:39:09","slug":"oversvamningar-i-nyland","status":"publish","type":"page","link":"https:\/\/www.vesi.fi\/sv\/oversvamningar-i-nyland\/","title":{"rendered":"\u00d6versv\u00e4mningar i Nyland"},"content":{"rendered":"<h2 style=\"text-align: center;\">Otsikko h2<\/h2>\n<p>Oletus-editori. Ei n\u00e4y jos erilliset sis\u00e4lt\u00f6alueet ovat k\u00e4yt\u00f6ss\u00e4.<\/p>\n","protected":false},"excerpt":{"rendered":"<p>Regional information om \u00f6versv\u00e4mningar och planeringen av hanteringen av \u00f6versv\u00e4mningsrisker. P\u00e5 sidan finns prelimin\u00e4ra bed\u00f6mningar av \u00f6versv\u00e4mningar som redan f\u00f6rekommit s\u00e5v\u00e4l som framtida \u00f6versv\u00e4mningar och omr\u00e5den med \u00f6versv\u00e4mningsrisk.<\/p>\n","protected":false},"author":68,"featured_media":14039,"parent":0,"menu_order":64,"comment_status":"closed","ping_status":"closed","template":"tulvariskien-aluesivut.php","meta":{"_acf_changed":false,"footnotes":""},"wf_page_folders":[825],"class_list":["post-14260","page","type-page","status-publish","has-post-thumbnail","hentry"],"acf":[],"aioseo_notices":[],"_links":{"self":[{"href":"https:\/\/www.vesi.fi\/sv\/wp-json\/wp\/v2\/pages\/14260","targetHints":{"allow":["GET"]}}],"collection":[{"href":"https:\/\/www.vesi.fi\/sv\/wp-json\/wp\/v2\/pages"}],"about":[{"href":"https:\/\/www.vesi.fi\/sv\/wp-json\/wp\/v2\/types\/page"}],"author":[{"embeddable":true,"href":"https:\/\/www.vesi.fi\/sv\/wp-json\/wp\/v2\/users\/68"}],"replies":[{"embeddable":true,"href":"https:\/\/www.vesi.fi\/sv\/wp-json\/wp\/v2\/comments?post=14260"}],"version-history":[{"count":15,"href":"https:\/\/www.vesi.fi\/sv\/wp-json\/wp\/v2\/pages\/14260\/revisions"}],"predecessor-version":[{"id":36099,"href":"https:\/\/www.vesi.fi\/sv\/wp-json\/wp\/v2\/pages\/14260\/revisions\/36099"}],"wp:featuredmedia":[{"embeddable":true,"href":"https:\/\/www.vesi.fi\/sv\/wp-json\/"}],"wp:attachment":[{"href":"https:\/\/www.vesi.fi\/sv\/wp-json\/wp\/v2\/media?parent=14260"}],"wp:term":[{"taxonomy":"wf_page_folders","embeddable":true,"href":"https:\/\/www.vesi.fi\/sv\/wp-json\/wp\/v2\/wf_page_folders?post=14260"}],"curies":[{"name":"wp","href":"https:\/\/api.w.org\/{rel}","templated":true}]}}