{"id":14203,"date":"2021-12-02T09:20:40","date_gmt":"2021-12-02T07:20:40","guid":{"rendered":"https:\/\/www.dadvertising.fi\/vesifi_uusidemo\/?page_id=14203"},"modified":"2022-09-01T14:32:56","modified_gmt":"2022-09-01T11:32:56","slug":"plan-for-hantering-av-oversvamningsrisker-i-abo-kustomrade","status":"publish","type":"page","link":"https:\/\/www.vesi.fi\/sv\/plan-for-hantering-av-oversvamningsrisker-i-abo-kustomrade\/","title":{"rendered":"Plan f\u00f6r hantering av \u00f6versv\u00e4mningsrisker i \u00c5bo kustomr\u00e5de"},"content":{"rendered":"<h2 style=\"text-align: center;\">Otsikko h2<\/h2>\n<p>Oletus-editori. Ei n\u00e4y jos erilliset sis\u00e4lt\u00f6alueet ovat k\u00e4yt\u00f6ss\u00e4.<\/p>\n","protected":false},"excerpt":{"rendered":"<p>En plan f\u00f6r hantering av \u00f6versv\u00e4mningsrisker utarbetas f\u00f6r avrinnings- eller kustomr\u00e5den med ett eller flera omr\u00e5den med betydande \u00f6versv\u00e4mningsrisk. I planen presenteras m\u00e5len f\u00f6r hanteringen av \u00f6versv\u00e4mningsriskerna i omr\u00e5det i fr\u00e5ga samt vilka \u00e5tg\u00e4rder som vidtas f\u00f6r att f\u00f6rs\u00f6ka n\u00e5 m\u00e5len.<\/p>\n","protected":false},"author":68,"featured_media":14585,"parent":0,"menu_order":48,"comment_status":"closed","ping_status":"closed","template":"tulvariskien-hallintasuunnitelmat.php","meta":{"_acf_changed":false,"footnotes":""},"wf_page_folders":[826],"class_list":["post-14203","page","type-page","status-publish","has-post-thumbnail","hentry"],"acf":[],"aioseo_notices":[],"_links":{"self":[{"href":"https:\/\/www.vesi.fi\/sv\/wp-json\/wp\/v2\/pages\/14203","targetHints":{"allow":["GET"]}}],"collection":[{"href":"https:\/\/www.vesi.fi\/sv\/wp-json\/wp\/v2\/pages"}],"about":[{"href":"https:\/\/www.vesi.fi\/sv\/wp-json\/wp\/v2\/types\/page"}],"author":[{"embeddable":true,"href":"https:\/\/www.vesi.fi\/sv\/wp-json\/wp\/v2\/users\/68"}],"replies":[{"embeddable":true,"href":"https:\/\/www.vesi.fi\/sv\/wp-json\/wp\/v2\/comments?post=14203"}],"version-history":[{"count":9,"href":"https:\/\/www.vesi.fi\/sv\/wp-json\/wp\/v2\/pages\/14203\/revisions"}],"predecessor-version":[{"id":16840,"href":"https:\/\/www.vesi.fi\/sv\/wp-json\/wp\/v2\/pages\/14203\/revisions\/16840"}],"wp:featuredmedia":[{"embeddable":true,"href":"https:\/\/www.vesi.fi\/sv\/wp-json\/wp\/v2\/media\/14585"}],"wp:attachment":[{"href":"https:\/\/www.vesi.fi\/sv\/wp-json\/wp\/v2\/media?parent=14203"}],"wp:term":[{"taxonomy":"wf_page_folders","embeddable":true,"href":"https:\/\/www.vesi.fi\/sv\/wp-json\/wp\/v2\/wf_page_folders?post=14203"}],"curies":[{"name":"wp","href":"https:\/\/api.w.org\/{rel}","templated":true}]}}