{"id":12599,"date":"2021-08-13T14:38:09","date_gmt":"2021-08-13T11:38:09","guid":{"rendered":"https:\/\/www.dadvertising.fi\/vesifi_uusidemo\/sv\/?page_id=12599"},"modified":"2022-02-14T12:59:56","modified_gmt":"2022-02-14T10:59:56","slug":"vattenfotavtryck","status":"publish","type":"page","link":"https:\/\/www.vesi.fi\/sv\/vattenfotavtryck\/","title":{"rendered":"Vattenfotavtryck"},"content":{"rendered":"<h3 style=\"text-align: center;\">Vattenfotavtrycket beskriver vattenanv\u00e4ndningen som helhet<\/h3>\n<p>Vattenfotavtrycket \u00e5sk\u00e5dligg\u00f6r hur vattenintensivt v\u00e5rt liv \u00e4r. Ju st\u00f6rre vattenfotavtrycket \u00e4r, desto mer vatten anv\u00e4nds. All vattenanv\u00e4ndning ing\u00e5r i vattenfotavtrycket: s\u00e5v\u00e4l det vatten vi f\u00e5r direkt ur kranen som s\u00e5 kallat dolt vatten. Dolt vatten, det vill s\u00e4ga virtuellt vatten, \u00e4r det vatten som anv\u00e4nds f\u00f6r tillverkning av olika f\u00f6rn\u00f6denheter. Det inkluderar bland annat vatten som anv\u00e4nds f\u00f6r produktion av r\u00e5varor, mellanprodukter, energi och tj\u00e4nster. Mindre \u00e4n fem procent av den finl\u00e4ndska konsumentens genomsnittliga vattenfotavtryck utg\u00f6rs av direkt vattenf\u00f6rbrukning. Resten best\u00e5r av dolt vatten som ing\u00e5r i k\u00f6pta produkter och tj\u00e4nster som tillverkats i Finland eller utomlands.<\/p>\n<p>Ut\u00f6ver m\u00e4ngden vatten \u00e4r det ocks\u00e5 v\u00e4sentligt vilken typ av vatten som anv\u00e4nds \u2013 begr\u00e4nsade grund- och ytvattenresurser, havsvatten eller m\u00f6jligtvis regnvatten \u2013 samt i vilket syfte. Med detta f\u00f6rknippas ocks\u00e5 nackdelen med vattenanv\u00e4ndningen, det vill s\u00e4ga hur mycket milj\u00f6n belastas av det avloppsvatten som uppkommer vid anv\u00e4ndningen. Mest vatten g\u00e5r \u00e5t till nedkylning, s\u00e4rskilt inom energiproduktionen och industrin. Inga n\u00e4rings\u00e4mnen eller skadliga \u00e4mnen l\u00f6ses upp i kylvatten, till skillnad fr\u00e5n det vatten som anv\u00e4nds som sanitets-, tv\u00e4tt- eller processvatten. I vattenfotavtrycket ing\u00e5r ocks\u00e5 dessa aspekter p\u00e5 avloppsvattnet. De olika f\u00e4rgerna p\u00e5 vattenfotavtrycket anger vattenanv\u00e4ndningens olika sidor.<\/p>\n<p>&nbsp;<\/p>\n<div class=\"collapse-nosto\">\n<h3 class=\"collapse-title\"><a class=\"collapse-title-link collapsed\" data-toggle=\"collapse\" href=\"#collapse-4105383\" role=\"button\" aria-expanded=\"false\" aria-controls=\"collapse-4105383\">Vattenfotavtrycket kan ber\u00e4knas f\u00f6r m\u00e5ngt och mycket  <svg version=\"1.1\" id=\"icon-collapse-4105383\" xmlns=\"http:\/\/www.w3.org\/2000\/svg\" xmlns:xlink=\"http:\/\/www.w3.org\/1999\/xlink\" x=\"0px\" y=\"0px\" viewBox=\"0 0 38 38\" style=\"enable-background:new 0 0 38 38;\" xml:space=\"preserve\" class=\"collapse-icon img-fluid\" alt=\"Symboli-ikoni\"><g><circle id=\"cbg\" class=\"svgiconst0\" cx=\"19\" cy=\"19\" r=\"18\"><\/circle><\/g><g><polygon class=\"svgiconst1\" points=\"27.2,17.9 20.2,17.9 20.2,10.9 18,10.9 18,17.9 11,17.9 11,20.1 18,20.1 18,27.1 20.2,27.1 20.2,20.1 27.2,20.1\"><\/polygon><\/g><\/svg><\/a><\/h3>\n<div class=\"collapse-content collapse\" id=\"collapse-4105383\" style=\"\"><\/p>\n<p>Vattenfotavtrycket kan ber\u00e4knas f\u00f6r en enskild medborgare eller hela nationen. Du kan enkelt ta reda p\u00e5 ditt eget vattenfotavtryck med <a href=\"https:\/\/www.vesi.fi\/vesijalanjalkilaskuri\/\">Finlands milj\u00f6centrals kalkylator f\u00f6r vattenfotavtrycket<\/a><\/p>\n<p>Vattenfotavtrycket kan ocks\u00e5 ber\u00e4knas f\u00f6r ett enskilt f\u00f6retag eller en hel n\u00e4ring. Globalt sett \u00e4r jordbruket den st\u00f6rsta vattenkonsumenten. Bland industribranscherna i Finland anv\u00e4nds mest vatten av skogsindustrin. \u00c4nnu mer vatten anv\u00e4nds i energiproduktionen, s\u00e4rskilt som kylvatten. Vatten som rinner genom turbiner r\u00e4knas i allm\u00e4nhet inte till vattenfotavtrycket.<\/p>\n<p>Vattenfotavtrycket kan dessutom ber\u00e4knas f\u00f6r produkter och produktgrupper. En enskild produkts vattenfotavtryck beror dock i h\u00f6g grad p\u00e5 var och hur den har producerats och hur mycket produktionen har belastat de lokala vattentillg\u00e5ngarna och vattendragen. En tredjedel av Finlands hela vattenfotavtryck best\u00e5r av dolt vatten i importprodukter.<\/p>\n<p>\n<\/div>\n<\/div>\n<div class=\"collapse-nosto\">\n<h3 class=\"collapse-title\"><a class=\"collapse-title-link collapsed\" data-toggle=\"collapse\" href=\"#collapse-82585591\" role=\"button\" aria-expanded=\"false\" aria-controls=\"collapse-82585591\">Observera i tolkningen av vattenfotavtrycket  <svg version=\"1.1\" id=\"icon-collapse-82585591\" xmlns=\"http:\/\/www.w3.org\/2000\/svg\" xmlns:xlink=\"http:\/\/www.w3.org\/1999\/xlink\" x=\"0px\" y=\"0px\" viewBox=\"0 0 38 38\" style=\"enable-background:new 0 0 38 38;\" xml:space=\"preserve\" class=\"collapse-icon img-fluid\" alt=\"Symboli-ikoni\"><g><circle id=\"cbg\" class=\"svgiconst0\" cx=\"19\" cy=\"19\" r=\"18\"><\/circle><\/g><g><polygon class=\"svgiconst1\" points=\"27.2,17.9 20.2,17.9 20.2,10.9 18,10.9 18,17.9 11,17.9 11,20.1 18,20.1 18,27.1 20.2,27.1 20.2,20.1 27.2,20.1\"><\/polygon><\/g><\/svg><\/a><\/h3>\n<div class=\"collapse-content collapse\" id=\"collapse-82585591\" style=\"\"><\/p>\n<p><strong>Tillg\u00e5ng till vatten i olika omr\u00e5den.<\/strong> I Finland finns det tillr\u00e4ckligt med vatten f\u00f6r all anv\u00e4ndning, men importerade produkter kan ha producerats i ett omr\u00e5de d\u00e4r det r\u00e5der vattenbrist. \u00c4ven i Finland kan det lokalt f\u00f6rekomma brist p\u00e5 vatten av god kvalitet.<\/p>\n<p><strong>K\u00e4llor till vatten.<\/strong> F\u00f6rbrukningen av vattentillg\u00e5ngarna p\u00e5verkas av om vattnet som anv\u00e4nds \u00e4r regnvatten, ytvatten eller grundvatten och om det r\u00e5der brist p\u00e5 vatten.<\/p>\n<p><strong>\u00d6verf\u00f6ring eller transport av vatten. <\/strong>L\u00e5nga transportstr\u00e4ckor \u00f6kar kostnaderna och nackdelarna med vattenanv\u00e4ndningen.<\/p>\n<p><strong>S\u00e4tten att anv\u00e4nda vatten.<\/strong> Olika anv\u00e4ndningss\u00e4tt belastar vattentillg\u00e5ngarna p\u00e5 olika s\u00e4tt. Kylvatten \u00e5terf\u00f6rs som s\u00e5dant till samma vattenf\u00f6rekomst; vatten som \u00e4r bundet i produkten eller har avdunstat i samband med produktionen \u00e5terf\u00f6rs till en annan vattenf\u00f6rekomst eller punkt i det hydrologiska kretsloppet.<\/p>\n<p><strong>F\u00f6rorening av vattnet. <\/strong>\u00c4ven om det vatten som anv\u00e4nts i produktionen \u00e5terf\u00f6rs till naturen kan det vara smutsigt avloppsvatten som orsakar milj\u00f6ol\u00e4genheter.<\/p>\n<p>\n<\/div>\n<\/div>\n","protected":false},"excerpt":{"rendered":"<p>Vattenfotavtrycket beskriver vattenanv\u00e4ndningen som helhet Vattenfotavtrycket \u00e5sk\u00e5dligg\u00f6r hur vattenintensivt v\u00e5rt liv \u00e4r. Ju st\u00f6rre vattenfotavtrycket \u00e4r, desto mer vatten anv\u00e4nds. All vattenanv\u00e4ndning ing\u00e5r i vattenfotavtrycket: s\u00e5v\u00e4l det vatten vi f\u00e5r direkt ur kranen som s\u00e5 kallat dolt vatten. Dolt vatten, det vill s\u00e4ga virtuellt vatten, \u00e4r det vatten som anv\u00e4nds f\u00f6r tillverkning av olika f\u00f6rn\u00f6denheter. [&hellip;]<\/p>\n","protected":false},"author":1,"featured_media":12601,"parent":0,"menu_order":42,"comment_status":"closed","ping_status":"closed","template":"teemasivu-vesijalanjalki.php","meta":{"_acf_changed":false,"footnotes":""},"wf_page_folders":[],"class_list":["post-12599","page","type-page","status-publish","has-post-thumbnail","hentry"],"acf":[],"aioseo_notices":[],"_links":{"self":[{"href":"https:\/\/www.vesi.fi\/sv\/wp-json\/wp\/v2\/pages\/12599","targetHints":{"allow":["GET"]}}],"collection":[{"href":"https:\/\/www.vesi.fi\/sv\/wp-json\/wp\/v2\/pages"}],"about":[{"href":"https:\/\/www.vesi.fi\/sv\/wp-json\/wp\/v2\/types\/page"}],"author":[{"embeddable":true,"href":"https:\/\/www.vesi.fi\/sv\/wp-json\/wp\/v2\/users\/1"}],"replies":[{"embeddable":true,"href":"https:\/\/www.vesi.fi\/sv\/wp-json\/wp\/v2\/comments?post=12599"}],"version-history":[{"count":5,"href":"https:\/\/www.vesi.fi\/sv\/wp-json\/wp\/v2\/pages\/12599\/revisions"}],"predecessor-version":[{"id":15071,"href":"https:\/\/www.vesi.fi\/sv\/wp-json\/wp\/v2\/pages\/12599\/revisions\/15071"}],"wp:featuredmedia":[{"embeddable":true,"href":"https:\/\/www.vesi.fi\/sv\/wp-json\/wp\/v2\/media\/12601"}],"wp:attachment":[{"href":"https:\/\/www.vesi.fi\/sv\/wp-json\/wp\/v2\/media?parent=12599"}],"wp:term":[{"taxonomy":"wf_page_folders","embeddable":true,"href":"https:\/\/www.vesi.fi\/sv\/wp-json\/wp\/v2\/wf_page_folders?post=12599"}],"curies":[{"name":"wp","href":"https:\/\/api.w.org\/{rel}","templated":true}]}}