{"id":7163,"date":"2020-09-15T12:21:41","date_gmt":"2020-09-15T09:21:41","guid":{"rendered":"https:\/\/www.vesi.fi\/?page_id=7163"},"modified":"2023-03-20T09:24:09","modified_gmt":"2023-03-20T07:24:09","slug":"accessibility-statement","status":"publish","type":"page","link":"https:\/\/www.vesi.fi\/en\/accessibility-statement\/","title":{"rendered":"Accessibility statement"},"content":{"rendered":"","protected":false},"excerpt":{"rendered":"<p>T\u00e4m\u00e4 seloste koskee Suomen ymp\u00e4rist\u00f6keskuksen SYKE yll\u00e4pit\u00e4m\u00e4\u00e4 vesi.fi-sivustoa.<\/p>\n","protected":false},"author":1,"featured_media":0,"parent":0,"menu_order":70,"comment_status":"closed","ping_status":"closed","template":"saavutettavuusseloste.php","meta":{"_acf_changed":false,"footnotes":""},"wf_page_folders":[],"class_list":["post-7163","page","type-page","status-publish","hentry"],"acf":[],"aioseo_notices":[],"_links":{"self":[{"href":"https:\/\/www.vesi.fi\/en\/wp-json\/wp\/v2\/pages\/7163","targetHints":{"allow":["GET"]}}],"collection":[{"href":"https:\/\/www.vesi.fi\/en\/wp-json\/wp\/v2\/pages"}],"about":[{"href":"https:\/\/www.vesi.fi\/en\/wp-json\/wp\/v2\/types\/page"}],"author":[{"embeddable":true,"href":"https:\/\/www.vesi.fi\/en\/wp-json\/wp\/v2\/users\/1"}],"replies":[{"embeddable":true,"href":"https:\/\/www.vesi.fi\/en\/wp-json\/wp\/v2\/comments?post=7163"}],"version-history":[{"count":10,"href":"https:\/\/www.vesi.fi\/en\/wp-json\/wp\/v2\/pages\/7163\/revisions"}],"predecessor-version":[{"id":28179,"href":"https:\/\/www.vesi.fi\/en\/wp-json\/wp\/v2\/pages\/7163\/revisions\/28179"}],"wp:attachment":[{"href":"https:\/\/www.vesi.fi\/en\/wp-json\/wp\/v2\/media?parent=7163"}],"wp:term":[{"taxonomy":"wf_page_folders","embeddable":true,"href":"https:\/\/www.vesi.fi\/en\/wp-json\/wp\/v2\/wf_page_folders?post=7163"}],"curies":[{"name":"wp","href":"https:\/\/api.w.org\/{rel}","templated":true}]}}