{"id":6204,"date":"2020-07-04T11:18:34","date_gmt":"2020-07-04T08:18:34","guid":{"rendered":"https:\/\/www.vesi.fi\/?page_id=6204"},"modified":"2023-03-15T10:22:58","modified_gmt":"2023-03-15T08:22:58","slug":"snow-situation","status":"publish","type":"page","link":"https:\/\/www.vesi.fi\/en\/snow-situation\/","title":{"rendered":"Snow situation"},"content":{"rendered":"","protected":false},"excerpt":{"rendered":"<p>Ajankohtainen lumitilanne sek\u00e4 ohjeet, milloin lunta pit\u00e4\u00e4 pudottaa katolta. Sivuilla on my\u00f6s hauskaa tiriviatietoa lumesta. Tiesitk\u00f6 esimerkiksi, ett\u00e4 narske kertoo kuinka kire\u00e4\u00e4 pakkanen on?<\/p>\n","protected":false},"author":1,"featured_media":0,"parent":0,"menu_order":96,"comment_status":"closed","ping_status":"closed","template":"lumitilanne.php","meta":{"_acf_changed":false,"footnotes":""},"wf_page_folders":[],"class_list":["post-6204","page","type-page","status-publish","hentry"],"acf":[],"aioseo_notices":[],"_links":{"self":[{"href":"https:\/\/www.vesi.fi\/en\/wp-json\/wp\/v2\/pages\/6204","targetHints":{"allow":["GET"]}}],"collection":[{"href":"https:\/\/www.vesi.fi\/en\/wp-json\/wp\/v2\/pages"}],"about":[{"href":"https:\/\/www.vesi.fi\/en\/wp-json\/wp\/v2\/types\/page"}],"author":[{"embeddable":true,"href":"https:\/\/www.vesi.fi\/en\/wp-json\/wp\/v2\/users\/1"}],"replies":[{"embeddable":true,"href":"https:\/\/www.vesi.fi\/en\/wp-json\/wp\/v2\/comments?post=6204"}],"version-history":[{"count":1,"href":"https:\/\/www.vesi.fi\/en\/wp-json\/wp\/v2\/pages\/6204\/revisions"}],"predecessor-version":[{"id":28001,"href":"https:\/\/www.vesi.fi\/en\/wp-json\/wp\/v2\/pages\/6204\/revisions\/28001"}],"wp:attachment":[{"href":"https:\/\/www.vesi.fi\/en\/wp-json\/wp\/v2\/media?parent=6204"}],"wp:term":[{"taxonomy":"wf_page_folders","embeddable":true,"href":"https:\/\/www.vesi.fi\/en\/wp-json\/wp\/v2\/wf_page_folders?post=6204"}],"curies":[{"name":"wp","href":"https:\/\/api.w.org\/{rel}","templated":true}]}}