{"id":1554,"date":"2019-09-24T15:43:13","date_gmt":"2019-09-24T12:43:13","guid":{"rendered":"https:\/\/dadvertising.fi\/vesifi_demo\/?page_id=1554"},"modified":"2022-06-30T13:59:21","modified_gmt":"2022-06-30T10:59:21","slug":"alueellinen-vesitilanne-keski-suomi-paijat-hame-ja-kymenlaakso","status":"publish","type":"page","link":"https:\/\/www.vesi.fi\/en\/water-situation\/alueellinen-vesitilanne-keski-suomi-paijat-hame-ja-kymenlaakso\/","title":{"rendered":"Alueellinen vesitilanne Keski-Suomi, P\u00e4ij\u00e4t-H\u00e4me ja Kymenlaakso"},"content":{"rendered":"","protected":false},"excerpt":{"rendered":"","protected":false},"author":1,"featured_media":1974,"parent":1517,"menu_order":91,"comment_status":"closed","ping_status":"closed","template":"alueellinen-vesitilanne-alue-4.php","meta":{"_acf_changed":false,"footnotes":""},"wf_page_folders":[],"class_list":["post-1554","page","type-page","status-publish","has-post-thumbnail","hentry"],"acf":[],"aioseo_notices":[],"_links":{"self":[{"href":"https:\/\/www.vesi.fi\/en\/wp-json\/wp\/v2\/pages\/1554","targetHints":{"allow":["GET"]}}],"collection":[{"href":"https:\/\/www.vesi.fi\/en\/wp-json\/wp\/v2\/pages"}],"about":[{"href":"https:\/\/www.vesi.fi\/en\/wp-json\/wp\/v2\/types\/page"}],"author":[{"embeddable":true,"href":"https:\/\/www.vesi.fi\/en\/wp-json\/wp\/v2\/users\/1"}],"replies":[{"embeddable":true,"href":"https:\/\/www.vesi.fi\/en\/wp-json\/wp\/v2\/comments?post=1554"}],"version-history":[{"count":0,"href":"https:\/\/www.vesi.fi\/en\/wp-json\/wp\/v2\/pages\/1554\/revisions"}],"up":[{"embeddable":true,"href":"https:\/\/www.vesi.fi\/en\/wp-json\/wp\/v2\/pages\/1517"}],"wp:featuredmedia":[{"embeddable":true,"href":"https:\/\/www.vesi.fi\/en\/wp-json\/wp\/v2\/media\/1974"}],"wp:attachment":[{"href":"https:\/\/www.vesi.fi\/en\/wp-json\/wp\/v2\/media?parent=1554"}],"wp:term":[{"taxonomy":"wf_page_folders","embeddable":true,"href":"https:\/\/www.vesi.fi\/en\/wp-json\/wp\/v2\/wf_page_folders?post=1554"}],"curies":[{"name":"wp","href":"https:\/\/api.w.org\/{rel}","templated":true}]}}