{"id":11927,"date":"2021-06-02T14:43:54","date_gmt":"2021-06-02T11:43:54","guid":{"rendered":"https:\/\/www.vesi.fi\/?page_id=11927"},"modified":"2023-03-15T10:26:14","modified_gmt":"2023-03-15T08:26:14","slug":"drought-situation","status":"publish","type":"page","link":"https:\/\/www.vesi.fi\/en\/drought-situation\/","title":{"rendered":"Drought situation"},"content":{"rendered":"","protected":false},"excerpt":{"rendered":"<p>Ajankohtainen kuivuustilanne sek\u00e4 hy\u00f6dyllist\u00e4 tietoa kuinka kuivuuteen tulisi varautua.<\/p>\n","protected":false},"author":1,"featured_media":0,"parent":0,"menu_order":106,"comment_status":"closed","ping_status":"closed","template":"kuivuustilanne.php","meta":{"_acf_changed":false,"footnotes":""},"wf_page_folders":[],"class_list":["post-11927","page","type-page","status-publish","hentry"],"acf":[],"aioseo_notices":[],"_links":{"self":[{"href":"https:\/\/www.vesi.fi\/en\/wp-json\/wp\/v2\/pages\/11927","targetHints":{"allow":["GET"]}}],"collection":[{"href":"https:\/\/www.vesi.fi\/en\/wp-json\/wp\/v2\/pages"}],"about":[{"href":"https:\/\/www.vesi.fi\/en\/wp-json\/wp\/v2\/types\/page"}],"author":[{"embeddable":true,"href":"https:\/\/www.vesi.fi\/en\/wp-json\/wp\/v2\/users\/1"}],"replies":[{"embeddable":true,"href":"https:\/\/www.vesi.fi\/en\/wp-json\/wp\/v2\/comments?post=11927"}],"version-history":[{"count":1,"href":"https:\/\/www.vesi.fi\/en\/wp-json\/wp\/v2\/pages\/11927\/revisions"}],"predecessor-version":[{"id":28008,"href":"https:\/\/www.vesi.fi\/en\/wp-json\/wp\/v2\/pages\/11927\/revisions\/28008"}],"wp:attachment":[{"href":"https:\/\/www.vesi.fi\/en\/wp-json\/wp\/v2\/media?parent=11927"}],"wp:term":[{"taxonomy":"wf_page_folders","embeddable":true,"href":"https:\/\/www.vesi.fi\/en\/wp-json\/wp\/v2\/wf_page_folders?post=11927"}],"curies":[{"name":"wp","href":"https:\/\/api.w.org\/{rel}","templated":true}]}}