{"id":1122,"date":"2019-06-07T10:43:28","date_gmt":"2019-06-07T07:43:28","guid":{"rendered":"https:\/\/dadvertising.fi\/vesifi_demo\/?page_id=1122"},"modified":"2021-08-03T10:15:00","modified_gmt":"2021-08-03T07:15:00","slug":"kaivoveden-analyysitulkki","status":"publish","type":"page","link":"https:\/\/www.vesi.fi\/en\/tyokalut\/kaivoveden-analyysitulkki\/","title":{"rendered":"Kaivoveden analyysitulkki"},"content":{"rendered":"<h2>Mik\u00e4 on analyysitulkki?<\/h2>\n<p>Kaivoveden analyysitulkki on sek\u00e4 kaivoveden laatuasioiden parissa ty\u00f6skenteleville ett\u00e4 kaivonomistajille tarkoitettu ty\u00f6kalu kaivoveden laadun arvioimiseen.<\/p>\n<p>Analyysitulkkiin sy\u00f6tet\u00e4\u00e4n kaivovedest\u00e4 teetetyn laboratorio-tutkimuksen tulokset.<\/p>\n<h3>Analyysitulkin tulokset<\/h3>\n<p>Tulkki kertoo kunkin ominaisuuden osalta:<\/p>\n<ul>\n<li>onko vesi hyv\u00e4\u00e4 vai huonoa<\/li>\n<li>mit\u00e4 haittaa huonosta laadusta voi seurata<\/li>\n<li>mitk\u00e4 ovat todenn\u00e4k\u00f6isimm\u00e4t huonon laadun syyt<\/li>\n<li>mit\u00e4 voidaan tehd\u00e4 tilanteen parantamiseksi<\/li>\n<\/ul>\n<p>Kaikki ehdotukset ovat viitteellisi\u00e4 ja ryhdytt\u00e4ess\u00e4 toimenpiteisiin kannattaa pyyt\u00e4\u00e4 apua alan asiantuntijoilta.<\/p>\n<p>Analyysitulkki perustuu Suomen ymp\u00e4rist\u00f6keskuksen kokoonkutsuman kaivoasioiden asiantuntijaryhm\u00e4n (nk. Kaivoverkosto) arvioon ja sosiaali- ja terveysministeri\u00f6n (STM) asetukseen 401\/2001 talousveden laatuvaatimuksista ja -suosituksista.<\/p>\n<p><a class=\"btn btn-blue avaa-kaivovesitulkki\" href=\"\/\/www.vesi.fi\/en\/kaivoveden-analyysitulkki\/\" aria-label=\"Aloita kaivovesitulkin k\u00e4ytt\u00f6-linkki, siirryt palveluun joka ei ole saavutettava\">Aloita kaivovesitulkin k\u00e4ytt\u00f6<\/a><\/p>\n","protected":false},"excerpt":{"rendered":"<p>Mik\u00e4 on analyysitulkki? Kaivoveden analyysitulkki on sek\u00e4 kaivoveden laatuasioiden parissa ty\u00f6skenteleville ett\u00e4 kaivonomistajille tarkoitettu ty\u00f6kalu kaivoveden laadun arvioimiseen. Analyysitulkkiin sy\u00f6tet\u00e4\u00e4n kaivovedest\u00e4 teetetyn laboratorio-tutkimuksen tulokset. Analyysitulkin tulokset Tulkki kertoo kunkin ominaisuuden osalta: onko vesi hyv\u00e4\u00e4 vai huonoa mit\u00e4 haittaa huonosta laadusta voi seurata mitk\u00e4 ovat todenn\u00e4k\u00f6isimm\u00e4t huonon laadun syyt mit\u00e4 voidaan tehd\u00e4 tilanteen parantamiseksi Kaikki ehdotukset [&hellip;]<\/p>\n","protected":false},"author":1,"featured_media":1139,"parent":1120,"menu_order":129,"comment_status":"closed","ping_status":"closed","template":"tyokalun-etusivu.php","meta":{"_acf_changed":false,"footnotes":""},"wf_page_folders":[],"class_list":["post-1122","page","type-page","status-publish","has-post-thumbnail","hentry"],"acf":[],"aioseo_notices":[],"_links":{"self":[{"href":"https:\/\/www.vesi.fi\/en\/wp-json\/wp\/v2\/pages\/1122","targetHints":{"allow":["GET"]}}],"collection":[{"href":"https:\/\/www.vesi.fi\/en\/wp-json\/wp\/v2\/pages"}],"about":[{"href":"https:\/\/www.vesi.fi\/en\/wp-json\/wp\/v2\/types\/page"}],"author":[{"embeddable":true,"href":"https:\/\/www.vesi.fi\/en\/wp-json\/wp\/v2\/users\/1"}],"replies":[{"embeddable":true,"href":"https:\/\/www.vesi.fi\/en\/wp-json\/wp\/v2\/comments?post=1122"}],"version-history":[{"count":0,"href":"https:\/\/www.vesi.fi\/en\/wp-json\/wp\/v2\/pages\/1122\/revisions"}],"up":[{"embeddable":true,"href":"https:\/\/www.vesi.fi\/en\/wp-json\/wp\/v2\/pages\/1120"}],"wp:featuredmedia":[{"embeddable":true,"href":"https:\/\/www.vesi.fi\/en\/wp-json\/wp\/v2\/media\/1139"}],"wp:attachment":[{"href":"https:\/\/www.vesi.fi\/en\/wp-json\/wp\/v2\/media?parent=1122"}],"wp:term":[{"taxonomy":"wf_page_folders","embeddable":true,"href":"https:\/\/www.vesi.fi\/en\/wp-json\/wp\/v2\/wf_page_folders?post=1122"}],"curies":[{"name":"wp","href":"https:\/\/api.w.org\/{rel}","templated":true}]}}